{"id":88,"date":"2017-08-25T12:33:52","date_gmt":"2017-08-25T12:33:52","guid":{"rendered":"https:\/\/autoescuelaabio.wordpress.com\/?page_id=88"},"modified":"2019-11-17T20:16:26","modified_gmt":"2019-11-17T20:16:26","slug":"horarios","status":"publish","type":"page","link":"https:\/\/autoescuelaabio.com\/wordpress\/horarios\/","title":{"rendered":"Horario"},"content":{"rendered":"<h3>Nuestro horario adaptado a ti<\/h3>\n<h4><strong>En Autoescuela Abio nos adaptamos a tus necesidades ofreci\u00e9ndote un horario extenso para dar tus clases pr\u00e1cticas, incluso si vives lejos te vamos a buscar.<\/strong><\/h4>\n<h4><strong>HORARIO APERTURA Y CIERRE DE LA ESCUELA<span style=\"color: #ff99cc;\"><br \/>\n(<\/span><\/strong><span style=\"color: #ff99cc;\"><strong>En este horario podr\u00e1s hacer test en el aula y disfrutar de todos los servicios )<\/strong><\/span><\/h4>\n<table style=\"border: 0;\">\n<tbody style=\"border: 0;\">\n<tr style=\"border: 0;\">\n<td style=\"border: 0;\"><strong>De lunes a viernes<\/strong><\/td>\n<td style=\"border: 0;\"><\/td>\n<\/tr>\n<tr style=\"border: 0;\">\n<td style=\"border: 0;\">Ma\u00f1anas de 10:30 a 13:30<\/td>\n<td style=\"border: 0;\"><\/td>\n<\/tr>\n<tr style=\"border: 0;\">\n<td style=\"border: 0;\">Tardes de 17:30 a 20:30<\/td>\n<td style=\"border: 0;\"><\/td>\n<\/tr>\n<\/tbody>\n<\/table>\n<h4><strong>HORARIO CLASES TEORICAS<\/strong><\/h4>\n<table style=\"border: 0;\">\n<tbody>\n<tr style=\"border: 0;\">\n<td style=\"border: 0;\"><strong>De lunes a viernes<\/strong><\/td>\n<td style=\"border: 0;\"><strong>\u00a0S\u00e1bados <span style=\"color: #ff99cc;\"> (Curso intensivo)<\/span><\/strong><\/td>\n<\/tr>\n<tr style=\"border: 0;\">\n<td style=\"border: 0;\">Ma\u00f1anas de 10:30 a 11:30<\/td>\n<td style=\"border: 0;\">\u00a0Ma\u00f1anas de 11:00 a 14:00<\/td>\n<\/tr>\n<tr style=\"border: 0;\">\n<td style=\"border: 0;\">Tardes de 19:30 a 20:30<\/td>\n<td style=\"border: 0;\"><\/td>\n<\/tr>\n<\/tbody>\n<\/table>\n<h4><strong>HORARIO CLASES PR\u00c1CTICAS<\/strong><\/h4>\n<table style=\"border: 0;\">\n<tbody>\n<tr style=\"border: 0;\">\n<td style=\"border: 0;\"><strong>De lunes a domingo:<\/strong><\/td>\n<\/tr>\n<tr style=\"border: 0;\">\n<td style=\"border: 0;\">Ma\u00f1anas de 07:00 a 14:00<\/td>\n<\/tr>\n<tr style=\"border: 0;\">\n<td style=\"border: 0;\">Tardes de 16:00 a 23:00<\/td>\n<\/tr>\n<\/tbody>\n<\/table>\n","protected":false},"excerpt":{"rendered":"<p>Nuestro horario adaptado a ti En Autoescuela Abio nos adaptamos a tus necesidades ofreci\u00e9ndote un horario extenso para dar tus clases pr\u00e1cticas, incluso si vives lejos te vamos a buscar. HORARIO APERTURA Y CIERRE DE LA ESCUELA (En este horario podr\u00e1s hacer test en el aula y disfrutar de todos los servicios ) De lunes &hellip; <a href=\"https:\/\/autoescuelaabio.com\/wordpress\/horarios\/\" class=\"more-link\">Seguir leyendo <span class=\"screen-reader-text\">Horario<\/span><\/a><\/p>\n","protected":false},"author":2,"featured_media":1962,"parent":0,"menu_order":0,"comment_status":"closed","ping_status":"closed","template":"panel-page.php","meta":{"jetpack_post_was_ever_published":false,"footnotes":""},"tags":[10,6,11,7,12],"class_list":["post-88","page","type-page","status-publish","has-post-thumbnail","hentry","tag-amaxofobia","tag-aula-virtual","tag-autoescuela-abio","tag-autoescuela-jerez","tag-horario"],"jetpack_sharing_enabled":true,"jetpack_shortlink":"https:\/\/wp.me\/P99ryc-1q","jetpack-related-posts":[{"id":41,"url":"https:\/\/autoescuelaabio.com\/wordpress\/bienvenida\/cursosenjerez\/cursos-en-jerez-de-la-frontera\/","url_meta":{"origin":88,"position":0},"title":"Cursos","author":"autoescuelaabio","date":"25\/08\/2017","format":false,"excerpt":"Llama e inf\u00f3rmate sobre nuestros cursos 856 04 56 87 \u00a0 \u00a0 Cursos Intensivos te\u00f3rico del permiso B, en Jerez de la Frontera: S\u00e1bados de 10:00 a 14:00h. \u00a0 \u00a0 Clases Te\u00f3ricas todos los d\u00edas\u00a0por la ma\u00f1ana y por la tarde:\u00a0\u00a0\u00a0 \u00a0\u00a0 De lunes a viernes, Ma\u00f1anas de 10:00 a\u2026","rel":"","context":"En \u00abamaxofobia\u00bb","block_context":{"text":"amaxofobia","link":"https:\/\/autoescuelaabio.com\/wordpress\/tag\/amaxofobia\/"},"img":{"alt_text":"","src":"https:\/\/i0.wp.com\/autoescuelaabio.com\/wordpress\/wp-content\/uploads\/2019\/11\/MG_7888.jpg?fit=1200%2C800&ssl=1&resize=350%2C200","width":350,"height":200,"srcset":"https:\/\/i0.wp.com\/autoescuelaabio.com\/wordpress\/wp-content\/uploads\/2019\/11\/MG_7888.jpg?fit=1200%2C800&ssl=1&resize=350%2C200 1x, https:\/\/i0.wp.com\/autoescuelaabio.com\/wordpress\/wp-content\/uploads\/2019\/11\/MG_7888.jpg?fit=1200%2C800&ssl=1&resize=525%2C300 1.5x, https:\/\/i0.wp.com\/autoescuelaabio.com\/wordpress\/wp-content\/uploads\/2019\/11\/MG_7888.jpg?fit=1200%2C800&ssl=1&resize=700%2C400 2x, https:\/\/i0.wp.com\/autoescuelaabio.com\/wordpress\/wp-content\/uploads\/2019\/11\/MG_7888.jpg?fit=1200%2C800&ssl=1&resize=1050%2C600 3x"},"classes":[]},{"id":152,"url":"https:\/\/autoescuelaabio.com\/wordpress\/bienvenida\/cursosenjerez\/pruebanos\/","url_meta":{"origin":88,"position":1},"title":"Prueba nuestra Aula Virtual","author":"autoescuelaabio","date":"28\/08\/2017","format":false,"excerpt":"Prueba gratis durante un d\u00eda nuestro sistema Haz test, recibe formaci\u00f3n con nuestras videoclases, lee el temario y todo desde tu pc, m\u00f3vil o tablet, descargando nuestra App.","rel":"","context":"En \u00abamaxofobia\u00bb","block_context":{"text":"amaxofobia","link":"https:\/\/autoescuelaabio.com\/wordpress\/tag\/amaxofobia\/"},"img":{"alt_text":"autoescuela abio jerez","src":"https:\/\/i0.wp.com\/autoescuelaabio.com\/wordpress\/wp-content\/uploads\/2017\/08\/19621280_826878514143553_5817203343495749500_o-e1503908442882.jpg?fit=1200%2C675&ssl=1&resize=350%2C200","width":350,"height":200,"srcset":"https:\/\/i0.wp.com\/autoescuelaabio.com\/wordpress\/wp-content\/uploads\/2017\/08\/19621280_826878514143553_5817203343495749500_o-e1503908442882.jpg?fit=1200%2C675&ssl=1&resize=350%2C200 1x, https:\/\/i0.wp.com\/autoescuelaabio.com\/wordpress\/wp-content\/uploads\/2017\/08\/19621280_826878514143553_5817203343495749500_o-e1503908442882.jpg?fit=1200%2C675&ssl=1&resize=525%2C300 1.5x, https:\/\/i0.wp.com\/autoescuelaabio.com\/wordpress\/wp-content\/uploads\/2017\/08\/19621280_826878514143553_5817203343495749500_o-e1503908442882.jpg?fit=1200%2C675&ssl=1&resize=700%2C400 2x, https:\/\/i0.wp.com\/autoescuelaabio.com\/wordpress\/wp-content\/uploads\/2017\/08\/19621280_826878514143553_5817203343495749500_o-e1503908442882.jpg?fit=1200%2C675&ssl=1&resize=1050%2C600 3x"},"classes":[]},{"id":57,"url":"https:\/\/autoescuelaabio.com\/wordpress\/aula-virtual\/","url_meta":{"origin":88,"position":2},"title":"Tambi\u00e9n  dispones de una Aula virtual que te va a encantar","author":"autoescuelaabio","date":"25\/08\/2017","format":false,"excerpt":"Accede al Aula virtual de la autoescuela Podr\u00e1s practicar desde cualquier lugar, nuestro centro esta conectado contigo.Aprovecha las ventajas del aula virtual. Ademas de ofrecer a nuestros alumnos formaci\u00f3n con profesor titulado, tambi\u00e9n ofrecemos los m\u00e1s modernos recursos, un programa inform\u00e1tico para aprender de manera personalizada e intuitiva. La herramienta\u2026","rel":"","context":"En \u00abautoescuela abio\u00bb","block_context":{"text":"autoescuela abio","link":"https:\/\/autoescuelaabio.com\/wordpress\/tag\/autoescuela-abio\/"},"img":{"alt_text":"","src":"https:\/\/i0.wp.com\/autoescuelaabio.com\/wordpress\/wp-content\/uploads\/2019\/11\/MG_7918.jpg?fit=1200%2C801&ssl=1&resize=350%2C200","width":350,"height":200,"srcset":"https:\/\/i0.wp.com\/autoescuelaabio.com\/wordpress\/wp-content\/uploads\/2019\/11\/MG_7918.jpg?fit=1200%2C801&ssl=1&resize=350%2C200 1x, https:\/\/i0.wp.com\/autoescuelaabio.com\/wordpress\/wp-content\/uploads\/2019\/11\/MG_7918.jpg?fit=1200%2C801&ssl=1&resize=525%2C300 1.5x, https:\/\/i0.wp.com\/autoescuelaabio.com\/wordpress\/wp-content\/uploads\/2019\/11\/MG_7918.jpg?fit=1200%2C801&ssl=1&resize=700%2C400 2x, https:\/\/i0.wp.com\/autoescuelaabio.com\/wordpress\/wp-content\/uploads\/2019\/11\/MG_7918.jpg?fit=1200%2C801&ssl=1&resize=1050%2C600 3x"},"classes":[]},{"id":11,"url":"https:\/\/autoescuelaabio.com\/wordpress\/bienvenida\/cursosenjerez\/","url_meta":{"origin":88,"position":3},"title":"Cursos en Jerez","author":"autoescuelaabio","date":"25\/08\/2017","format":false,"excerpt":"Este es el extracto de la p\u00e1gina secundaria","rel":"","context":"En \u00abamaxofobia\u00bb","block_context":{"text":"amaxofobia","link":"https:\/\/autoescuelaabio.com\/wordpress\/tag\/amaxofobia\/"},"img":{"alt_text":"","src":"https:\/\/i0.wp.com\/autoescuelaabio.com\/wordpress\/wp-content\/uploads\/2019\/11\/MG_7918.jpg?fit=1200%2C801&ssl=1&resize=350%2C200","width":350,"height":200,"srcset":"https:\/\/i0.wp.com\/autoescuelaabio.com\/wordpress\/wp-content\/uploads\/2019\/11\/MG_7918.jpg?fit=1200%2C801&ssl=1&resize=350%2C200 1x, https:\/\/i0.wp.com\/autoescuelaabio.com\/wordpress\/wp-content\/uploads\/2019\/11\/MG_7918.jpg?fit=1200%2C801&ssl=1&resize=525%2C300 1.5x, https:\/\/i0.wp.com\/autoescuelaabio.com\/wordpress\/wp-content\/uploads\/2019\/11\/MG_7918.jpg?fit=1200%2C801&ssl=1&resize=700%2C400 2x, https:\/\/i0.wp.com\/autoescuelaabio.com\/wordpress\/wp-content\/uploads\/2019\/11\/MG_7918.jpg?fit=1200%2C801&ssl=1&resize=1050%2C600 3x"},"classes":[]},{"id":192,"url":"https:\/\/autoescuelaabio.com\/wordpress\/ventajas\/","url_meta":{"origin":88,"position":4},"title":"M\u00faltiples Ventajas","author":"autoescuelaabio","date":"28\/08\/2017","format":false,"excerpt":"Ventajas de formarte en la Autoescuela Abio ATENCI\u00d3N PERMANENTE Recibir\u00e1s atenci\u00f3n amable, profesional, personalizada y permanente. Somos especialistas en tratar la amaxofobia (miedo a conducir) Clases te\u00f3ricas y practicas con profesor titulado. Si no tienes tiempo para acudir al aula, te ofrecemos nuestro sistema de aprendizaje on-line con v\u00eddeo clases,\u2026","rel":"","context":"En \u00abamaxofobia\u00bb","block_context":{"text":"amaxofobia","link":"https:\/\/autoescuelaabio.com\/wordpress\/tag\/amaxofobia\/"},"img":{"alt_text":"tutoria-virtual-1-ts1458316481","src":"https:\/\/i0.wp.com\/autoescuelaabio.com\/wordpress\/wp-content\/uploads\/2017\/08\/tutoria-virtual-1-ts1458316481.jpg?resize=350%2C200","width":350,"height":200},"classes":[]},{"id":82,"url":"https:\/\/autoescuelaabio.com\/wordpress\/resultados-de-los-examenes\/","url_meta":{"origin":88,"position":5},"title":"Resultados de los ex\u00e1menes","author":"autoescuelaabio","date":"25\/08\/2017","format":false,"excerpt":"Comprueba el resultado de tu examen.https:\/\/sedeclave.dgt.gob.es\/WEB_NOTP_CONSULTA\/consultaNota.faces Aviso: los resultados es habitual que tarden en publicarse 24 h, tambi\u00e9n podr\u00edan tardar tres d\u00edas si el examen se realiza un viernes por ejemplo, o antes de un d\u00eda festivo.","rel":"","context":"En \u00abamaxofobia\u00bb","block_context":{"text":"amaxofobia","link":"https:\/\/autoescuelaabio.com\/wordpress\/tag\/amaxofobia\/"},"img":{"alt_text":"autoescuela abio jerez","src":"https:\/\/i0.wp.com\/autoescuelaabio.com\/wordpress\/wp-content\/uploads\/2017\/08\/20157836_838526166312121_7939033070293634267_o-e1503917930514.jpg?fit=1200%2C392&ssl=1&resize=350%2C200","width":350,"height":200,"srcset":"https:\/\/i0.wp.com\/autoescuelaabio.com\/wordpress\/wp-content\/uploads\/2017\/08\/20157836_838526166312121_7939033070293634267_o-e1503917930514.jpg?fit=1200%2C392&ssl=1&resize=350%2C200 1x, https:\/\/i0.wp.com\/autoescuelaabio.com\/wordpress\/wp-content\/uploads\/2017\/08\/20157836_838526166312121_7939033070293634267_o-e1503917930514.jpg?fit=1200%2C392&ssl=1&resize=525%2C300 1.5x, https:\/\/i0.wp.com\/autoescuelaabio.com\/wordpress\/wp-content\/uploads\/2017\/08\/20157836_838526166312121_7939033070293634267_o-e1503917930514.jpg?fit=1200%2C392&ssl=1&resize=700%2C400 2x, https:\/\/i0.wp.com\/autoescuelaabio.com\/wordpress\/wp-content\/uploads\/2017\/08\/20157836_838526166312121_7939033070293634267_o-e1503917930514.jpg?fit=1200%2C392&ssl=1&resize=1050%2C600 3x"},"classes":[]}],"jetpack_likes_enabled":true,"_links":{"self":[{"href":"https:\/\/autoescuelaabio.com\/wordpress\/wp-json\/wp\/v2\/pages\/88","targetHints":{"allow":["GET"]}}],"collection":[{"href":"https:\/\/autoescuelaabio.com\/wordpress\/wp-json\/wp\/v2\/pages"}],"about":[{"href":"https:\/\/autoescuelaabio.com\/wordpress\/wp-json\/wp\/v2\/types\/page"}],"author":[{"embeddable":true,"href":"https:\/\/autoescuelaabio.com\/wordpress\/wp-json\/wp\/v2\/users\/2"}],"replies":[{"embeddable":true,"href":"https:\/\/autoescuelaabio.com\/wordpress\/wp-json\/wp\/v2\/comments?post=88"}],"version-history":[{"count":5,"href":"https:\/\/autoescuelaabio.com\/wordpress\/wp-json\/wp\/v2\/pages\/88\/revisions"}],"predecessor-version":[{"id":1963,"href":"https:\/\/autoescuelaabio.com\/wordpress\/wp-json\/wp\/v2\/pages\/88\/revisions\/1963"}],"wp:featuredmedia":[{"embeddable":true,"href":"https:\/\/autoescuelaabio.com\/wordpress\/wp-json\/wp\/v2\/media\/1962"}],"wp:attachment":[{"href":"https:\/\/autoescuelaabio.com\/wordpress\/wp-json\/wp\/v2\/media?parent=88"}],"wp:term":[{"taxonomy":"post_tag","embeddable":true,"href":"https:\/\/autoescuelaabio.com\/wordpress\/wp-json\/wp\/v2\/tags?post=88"}],"curies":[{"name":"wp","href":"https:\/\/api.w.org\/{rel}","templated":true}]}}