{"id":8,"date":"2017-08-25T11:08:55","date_gmt":"2017-08-25T11:08:55","guid":{"rendered":"https:\/\/autoescuelaabio.wordpress.com\/?page_id=5"},"modified":"2024-04-22T09:46:14","modified_gmt":"2024-04-22T09:46:14","slug":"bienvenida","status":"publish","type":"page","link":"https:\/\/autoescuelaabio.com\/wordpress\/","title":{"rendered":"Autoescuela en Jerez"},"content":{"rendered":"<h2>Autoescuela Abio<\/h2>\n<h4>Para los que quer\u00e9is aprender y tambi\u00e9n para los que quieren mejorar en la conducci\u00f3n.<\/h4>\n<p><span style=\"color: #000000\"><strong>En la autoescuela Abio te ayudamos a que el tr\u00e1mite sea f\u00e1cil, adem\u00e1s de ofrecerte una ense\u00f1anza personalizada tanto en la parte te\u00f3rica como en la pr\u00e1ctica. ofrecemos una formaci\u00f3n de calidad y un trato agradable, apoyando a nuestros alumnos durante todo el proceso de&nbsp;<\/strong><\/span><span style=\"color: #000000\"><span style=\"caret-color: #000000; font-weight: 600\">aprendizaje.<\/span><\/span><\/p>\n<p><span style=\"color: #000000\"><strong>Consigue tu Permiso de forma c\u00f3moda, sencilla y r\u00e1pida a trav\u00e9s de <\/strong><\/span><span style=\"color: #000000\"><strong><a style=\"color: #000000\" href=\"http:\/\/autoescuelaabio.com\/wordpress\/te-damos-la-bienvenida\/cursosenjerez\/\">nuestros sistemas de ense\u00f1anza<\/a><\/strong><\/span><span style=\"color: #000000\"><strong>.<\/strong><\/span><\/p>\n<h4>Ll\u00e1manos 856 04 56 87 o env\u00edanos tu <a href=\"http:\/\/autoescuelaabio.com\/wordpress\/contacto\/\">consulta v\u00eda web<\/a><\/h4>\n","protected":false},"excerpt":{"rendered":"<p>Presentaci\u00f3n de la Autoescuela Abio<\/p>\n","protected":false},"author":2,"featured_media":1948,"parent":0,"menu_order":1,"comment_status":"closed","ping_status":"closed","template":"full-width-page.php","meta":{"footnotes":""},"tags":[10,6,11,7],"class_list":["post-8","page","type-page","status-publish","has-post-thumbnail","hentry","tag-amaxofobia","tag-aula-virtual","tag-autoescuela-abio","tag-autoescuela-jerez"],"jetpack_sharing_enabled":true,"jetpack_shortlink":"https:\/\/wp.me\/P99ryc-8","jetpack-related-posts":[{"id":5,"url":"https:\/\/autoescuelaabio.com\/wordpress\/autoescuelaenjerez\/acerca-de\/","url_meta":{"origin":8,"position":0},"title":"Sobre la Autoescuela","author":"autoescuelaabio","date":"25\/08\/2017","format":false,"excerpt":"Este es solo un breve extracto de la p\u00e1gina\u00a0Acerca de.","rel":"","context":"En \u00abSin categor\u00eda\u00bb","block_context":{"text":"Sin categor\u00eda","link":"https:\/\/autoescuelaabio.com\/wordpress\/category\/sin-categoria\/"},"img":{"alt_text":"autoescuela abio jerez","src":"https:\/\/i0.wp.com\/autoescuelaabio.com\/wordpress\/wp-content\/uploads\/2017\/08\/384268_568638269967580_8465041147722724966_n1.jpg?fit=960%2C540&ssl=1&resize=350%2C200","width":350,"height":200,"srcset":"https:\/\/i0.wp.com\/autoescuelaabio.com\/wordpress\/wp-content\/uploads\/2017\/08\/384268_568638269967580_8465041147722724966_n1.jpg?fit=960%2C540&ssl=1&resize=350%2C200 1x, https:\/\/i0.wp.com\/autoescuelaabio.com\/wordpress\/wp-content\/uploads\/2017\/08\/384268_568638269967580_8465041147722724966_n1.jpg?fit=960%2C540&ssl=1&resize=525%2C300 1.5x, https:\/\/i0.wp.com\/autoescuelaabio.com\/wordpress\/wp-content\/uploads\/2017\/08\/384268_568638269967580_8465041147722724966_n1.jpg?fit=960%2C540&ssl=1&resize=700%2C400 2x"},"classes":[]},{"id":10,"url":"https:\/\/autoescuelaabio.com\/wordpress\/autoescuelaenjerez\/","url_meta":{"origin":8,"position":1},"title":"Autoescuela en Jerez Norte","author":"autoescuelaabio","date":"25\/08\/2017","format":false,"excerpt":"Este es el extracto de la p\u00e1gina secundaria","rel":"","context":"En \u00abamaxofobia\u00bb","block_context":{"text":"amaxofobia","link":"https:\/\/autoescuelaabio.com\/wordpress\/tag\/amaxofobia\/"},"img":{"alt_text":"","src":"https:\/\/i0.wp.com\/autoescuelaabio.com\/wordpress\/wp-content\/uploads\/2019\/11\/MG_7911-min.jpg?fit=1200%2C801&ssl=1&resize=350%2C200","width":350,"height":200,"srcset":"https:\/\/i0.wp.com\/autoescuelaabio.com\/wordpress\/wp-content\/uploads\/2019\/11\/MG_7911-min.jpg?fit=1200%2C801&ssl=1&resize=350%2C200 1x, https:\/\/i0.wp.com\/autoescuelaabio.com\/wordpress\/wp-content\/uploads\/2019\/11\/MG_7911-min.jpg?fit=1200%2C801&ssl=1&resize=525%2C300 1.5x, https:\/\/i0.wp.com\/autoescuelaabio.com\/wordpress\/wp-content\/uploads\/2019\/11\/MG_7911-min.jpg?fit=1200%2C801&ssl=1&resize=700%2C400 2x, https:\/\/i0.wp.com\/autoescuelaabio.com\/wordpress\/wp-content\/uploads\/2019\/11\/MG_7911-min.jpg?fit=1200%2C801&ssl=1&resize=1050%2C600 3x"},"classes":[]},{"id":57,"url":"https:\/\/autoescuelaabio.com\/wordpress\/aula-virtual\/","url_meta":{"origin":8,"position":2},"title":"Tambi\u00e9n  dispones de una Aula virtual que te va a encantar","author":"autoescuelaabio","date":"25\/08\/2017","format":false,"excerpt":"Accede al Aula virtual de la autoescuela Podr\u00e1s practicar desde cualquier lugar, nuestro centro esta conectado contigo.Aprovecha las ventajas del aula virtual. Ademas de ofrecer a nuestros alumnos formaci\u00f3n con profesor titulado, tambi\u00e9n ofrecemos los m\u00e1s modernos recursos, un programa inform\u00e1tico para aprender de manera personalizada e intuitiva. La herramienta\u2026","rel":"","context":"En \u00abautoescuela abio\u00bb","block_context":{"text":"autoescuela abio","link":"https:\/\/autoescuelaabio.com\/wordpress\/tag\/autoescuela-abio\/"},"img":{"alt_text":"","src":"https:\/\/i0.wp.com\/autoescuelaabio.com\/wordpress\/wp-content\/uploads\/2019\/11\/MG_7918.jpg?fit=1200%2C801&ssl=1&resize=350%2C200","width":350,"height":200,"srcset":"https:\/\/i0.wp.com\/autoescuelaabio.com\/wordpress\/wp-content\/uploads\/2019\/11\/MG_7918.jpg?fit=1200%2C801&ssl=1&resize=350%2C200 1x, https:\/\/i0.wp.com\/autoescuelaabio.com\/wordpress\/wp-content\/uploads\/2019\/11\/MG_7918.jpg?fit=1200%2C801&ssl=1&resize=525%2C300 1.5x, https:\/\/i0.wp.com\/autoescuelaabio.com\/wordpress\/wp-content\/uploads\/2019\/11\/MG_7918.jpg?fit=1200%2C801&ssl=1&resize=700%2C400 2x, https:\/\/i0.wp.com\/autoescuelaabio.com\/wordpress\/wp-content\/uploads\/2019\/11\/MG_7918.jpg?fit=1200%2C801&ssl=1&resize=1050%2C600 3x"},"classes":[]},{"id":47,"url":"https:\/\/autoescuelaabio.com\/wordpress\/bienvenida\/cursosenjerez\/cursos-en-jerez-de-la-frontera\/precios\/","url_meta":{"origin":8,"position":3},"title":"\u00a0Las mejores ofertas","author":"autoescuelaabio","date":"25\/08\/2017","format":false,"excerpt":"Nos esforzarlos para que disfrutes de las mejores ofertas! Nuestros precios son justos, te ofrecemos la mejor relaci\u00f3n calidad precio, adem\u00e1s los\u00a0presupuestos siempre incluyen Iva, dando una informaci\u00f3n trasparente. Ofrecemos facilidades de pago, si lo prefieres puedes fracionarlos. Ponte en contacto con nosotros, estaremos encantados de informarte. Autoescuela Abio -\u2026","rel":"","context":"En \u00abamaxofobia\u00bb","block_context":{"text":"amaxofobia","link":"https:\/\/autoescuelaabio.com\/wordpress\/tag\/amaxofobia\/"},"img":{"alt_text":"precios, ofertas","src":"https:\/\/i0.wp.com\/autoescuelaabio.com\/wordpress\/wp-content\/uploads\/2017\/08\/eb322eabeac8e93e5bc8ecf6686b4a9a_412x847.png?resize=350%2C200","width":350,"height":200},"classes":[]},{"id":6,"url":"https:\/\/autoescuelaabio.com\/wordpress\/contacto\/","url_meta":{"origin":8,"position":4},"title":"Contacto","author":"autoescuelaabio","date":"25\/08\/2017","format":false,"excerpt":"Se trata solo de un breve extracto de la p\u00e1gina\u00a0Contacto.","rel":"","context":"En \u00abamaxofobia\u00bb","block_context":{"text":"amaxofobia","link":"https:\/\/autoescuelaabio.com\/wordpress\/tag\/amaxofobia\/"},"img":{"alt_text":"autoescuela abio jerez","src":"https:\/\/i0.wp.com\/autoescuelaabio.com\/wordpress\/wp-content\/uploads\/2017\/08\/19221487_815531755278229_2715272013308010864_o1-e1503910390617.jpg?fit=1200%2C899&ssl=1&resize=350%2C200","width":350,"height":200,"srcset":"https:\/\/i0.wp.com\/autoescuelaabio.com\/wordpress\/wp-content\/uploads\/2017\/08\/19221487_815531755278229_2715272013308010864_o1-e1503910390617.jpg?fit=1200%2C899&ssl=1&resize=350%2C200 1x, https:\/\/i0.wp.com\/autoescuelaabio.com\/wordpress\/wp-content\/uploads\/2017\/08\/19221487_815531755278229_2715272013308010864_o1-e1503910390617.jpg?fit=1200%2C899&ssl=1&resize=525%2C300 1.5x, https:\/\/i0.wp.com\/autoescuelaabio.com\/wordpress\/wp-content\/uploads\/2017\/08\/19221487_815531755278229_2715272013308010864_o1-e1503910390617.jpg?fit=1200%2C899&ssl=1&resize=700%2C400 2x, https:\/\/i0.wp.com\/autoescuelaabio.com\/wordpress\/wp-content\/uploads\/2017\/08\/19221487_815531755278229_2715272013308010864_o1-e1503910390617.jpg?fit=1200%2C899&ssl=1&resize=1050%2C600 3x"},"classes":[]},{"id":11,"url":"https:\/\/autoescuelaabio.com\/wordpress\/bienvenida\/cursosenjerez\/","url_meta":{"origin":8,"position":5},"title":"Cursos en Jerez","author":"autoescuelaabio","date":"25\/08\/2017","format":false,"excerpt":"Este es el extracto de la p\u00e1gina secundaria","rel":"","context":"En \u00abamaxofobia\u00bb","block_context":{"text":"amaxofobia","link":"https:\/\/autoescuelaabio.com\/wordpress\/tag\/amaxofobia\/"},"img":{"alt_text":"","src":"https:\/\/i0.wp.com\/autoescuelaabio.com\/wordpress\/wp-content\/uploads\/2019\/11\/MG_7918.jpg?fit=1200%2C801&ssl=1&resize=350%2C200","width":350,"height":200,"srcset":"https:\/\/i0.wp.com\/autoescuelaabio.com\/wordpress\/wp-content\/uploads\/2019\/11\/MG_7918.jpg?fit=1200%2C801&ssl=1&resize=350%2C200 1x, https:\/\/i0.wp.com\/autoescuelaabio.com\/wordpress\/wp-content\/uploads\/2019\/11\/MG_7918.jpg?fit=1200%2C801&ssl=1&resize=525%2C300 1.5x, https:\/\/i0.wp.com\/autoescuelaabio.com\/wordpress\/wp-content\/uploads\/2019\/11\/MG_7918.jpg?fit=1200%2C801&ssl=1&resize=700%2C400 2x, https:\/\/i0.wp.com\/autoescuelaabio.com\/wordpress\/wp-content\/uploads\/2019\/11\/MG_7918.jpg?fit=1200%2C801&ssl=1&resize=1050%2C600 3x"},"classes":[]}],"jetpack_likes_enabled":true,"_links":{"self":[{"href":"https:\/\/autoescuelaabio.com\/wordpress\/wp-json\/wp\/v2\/pages\/8","targetHints":{"allow":["GET"]}}],"collection":[{"href":"https:\/\/autoescuelaabio.com\/wordpress\/wp-json\/wp\/v2\/pages"}],"about":[{"href":"https:\/\/autoescuelaabio.com\/wordpress\/wp-json\/wp\/v2\/types\/page"}],"author":[{"embeddable":true,"href":"https:\/\/autoescuelaabio.com\/wordpress\/wp-json\/wp\/v2\/users\/2"}],"replies":[{"embeddable":true,"href":"https:\/\/autoescuelaabio.com\/wordpress\/wp-json\/wp\/v2\/comments?post=8"}],"version-history":[{"count":15,"href":"https:\/\/autoescuelaabio.com\/wordpress\/wp-json\/wp\/v2\/pages\/8\/revisions"}],"predecessor-version":[{"id":3355,"href":"https:\/\/autoescuelaabio.com\/wordpress\/wp-json\/wp\/v2\/pages\/8\/revisions\/3355"}],"wp:featuredmedia":[{"embeddable":true,"href":"https:\/\/autoescuelaabio.com\/wordpress\/wp-json\/wp\/v2\/media\/1948"}],"wp:attachment":[{"href":"https:\/\/autoescuelaabio.com\/wordpress\/wp-json\/wp\/v2\/media?parent=8"}],"wp:term":[{"taxonomy":"post_tag","embeddable":true,"href":"https:\/\/autoescuelaabio.com\/wordpress\/wp-json\/wp\/v2\/tags?post=8"}],"curies":[{"name":"wp","href":"https:\/\/api.w.org\/{rel}","templated":true}]}}