{"id":57,"date":"2017-08-25T12:11:49","date_gmt":"2017-08-25T12:11:49","guid":{"rendered":"https:\/\/autoescuelaabio.wordpress.com\/?page_id=57"},"modified":"2022-01-01T14:48:27","modified_gmt":"2022-01-01T14:48:27","slug":"aula-virtual","status":"publish","type":"page","link":"https:\/\/autoescuelaabio.com\/wordpress\/aula-virtual\/","title":{"rendered":"Tambi\u00e9n  dispones de una Aula virtual que te va a encantar"},"content":{"rendered":"<h3>Accede al Aula virtual de la autoescuela<\/h3>\n<h4>Podr\u00e1s practicar desde cualquier lugar, nuestro centro esta conectado contigo.<\/h4>\n<p>Aprovecha las ventajas del aula virtual. Ademas de ofrecer a nuestros alumnos formaci\u00f3n con profesor titulado, tambi\u00e9n ofrecemos los m\u00e1s modernos recursos, un programa inform\u00e1tico para aprender de manera personalizada e intuitiva. La herramienta m\u00e1s completa y elaborada del mercado, podr\u00e1s hacer test sin conexi\u00f3n (sin gastar datos y en cualquier sitio) podr\u00e1s ver video-clases, hacer test, examinarte y seguir tu evoluci\u00f3n, adem\u00e1s resuelve tus dudas c\u00f3modamente accediendo al contenido de forma sencilla, muy intuitiva y f\u00e1cil de usar.<\/p>\n<h2>Test Interactivos del Aula Virtual<\/h2>\n<p>Con nuestros test interactivos los alumnos podr\u00e1n afianzar los conocimientos adquiridos en las clases te\u00f3ricas. Ponemos a su disposici\u00f3n multitud de bloques de test ajustados a la etapa formativa en la que se encuentre el alumno y a sus capacidades. Al disponer de test organizados por nivel de dificultad, los alumnos podr\u00e1n incrementar la misma gradualmente, permitiendo que el camino hacia el aprobado sea m\u00e1s natural y fluido, sin sobresaltos ni agobios de ning\u00fan tipo.<\/p>\n<div>\n<h2>Temarios en Video<\/h2>\n<p>Todos nuestros temarios han sido convertidos en videos amenos y educativos en los que nuestros profesores utilizan todos los recursos necesarios para transmitir los conocimientos a sus alumnos para el aprobado garantizado.<\/p>\n<h2>Temarios en L\u00e1minas<\/h2>\n<p>Nuestro temario est\u00e1 dividido en l\u00e1minas c\u00f3modas, claras y espec\u00edficas donde sus alumnos podr\u00e1n aprender los conceptos clave y memorizarlos de la forma m\u00e1s eficiente.<\/p>\n<h2>Explicaci\u00f3n en v\u00eddeo para todas las preguntas<\/h2>\n<p>Sin duda una caracter\u00edstica que aumenta exponencialmente la calidad formativa de nuestros test es la inclusi\u00f3n de explicaciones en video para cada pregunta. Al contestar una pregunta en modo ayuda, el alumno podr\u00e1 ver inmediatamente un corto video que le explicar\u00e1 espec\u00edficamente la norma de tr\u00e1fico sobre la que se le est\u00e1 preguntando en ese momento. De esta forma, ser\u00e1 el mismo test el que despeje todas sus dudas.<\/p>\n<\/div>\n<h4><button><a href=\"http:\/\/autoescuelaabio.com\/wordpress\/bienvenida\/cursosenjerez\/pruebanos\/\">Prueba<\/a><\/button>&nbsp; ahora nuestro sistema de Teleformaci\u00f3n<\/h4>\n<p>Adem\u00e1s de hacer tests, recibir\u00e1s formaci\u00f3n con nuestras videoclases, lee el temario y todo desde tu pc, m\u00f3vil o&nbsp;tablet.<\/p>\n<h4><button><a href=\"http:\/\/alumno.examentrafico.com\/\">Entra<\/a><\/button>&nbsp; al sistema (para usuarios registrados)<\/h4>\n<p><img data-recalc-dims=\"1\" loading=\"lazy\" decoding=\"async\" data-attachment-id=\"114\" data-permalink=\"https:\/\/autoescuelaabio.com\/wordpress\/aula-virtual\/13482993_612948592203214_6414822332623673059_o\/\" data-orig-file=\"https:\/\/i0.wp.com\/autoescuelaabio.com\/wordpress\/wp-content\/uploads\/2017\/08\/13482993_612948592203214_6414822332623673059_o.png?fit=1281%2C2048&amp;ssl=1\" data-orig-size=\"1281,2048\" data-comments-opened=\"1\" data-image-meta=\"{&quot;aperture&quot;:&quot;0&quot;,&quot;credit&quot;:&quot;&quot;,&quot;camera&quot;:&quot;&quot;,&quot;caption&quot;:&quot;&quot;,&quot;created_timestamp&quot;:&quot;0&quot;,&quot;copyright&quot;:&quot;&quot;,&quot;focal_length&quot;:&quot;0&quot;,&quot;iso&quot;:&quot;0&quot;,&quot;shutter_speed&quot;:&quot;0&quot;,&quot;title&quot;:&quot;&quot;,&quot;orientation&quot;:&quot;0&quot;}\" data-image-title=\"13482993_612948592203214_6414822332623673059_o\" data-image-description=\"\" data-image-caption=\"\" data-large-file=\"https:\/\/i0.wp.com\/autoescuelaabio.com\/wordpress\/wp-content\/uploads\/2017\/08\/13482993_612948592203214_6414822332623673059_o.png?fit=641%2C1024&amp;ssl=1\" src=\"https:\/\/i0.wp.com\/autoescuelaabio.com\/wordpress\/wp-content\/uploads\/2017\/08\/13482993_612948592203214_6414822332623673059_o-188x300.png?resize=194%2C310\" class=\"alignnone wp-image-114\" title=\"aula virtual autoescuela abio jerez\" alt=\"aula virtual autoescuela abio jerez\" width=\"194\" height=\"310\" srcset=\"https:\/\/i0.wp.com\/autoescuelaabio.com\/wordpress\/wp-content\/uploads\/2017\/08\/13482993_612948592203214_6414822332623673059_o.png?resize=188%2C300&amp;ssl=1 188w, https:\/\/i0.wp.com\/autoescuelaabio.com\/wordpress\/wp-content\/uploads\/2017\/08\/13482993_612948592203214_6414822332623673059_o.png?resize=768%2C1228&amp;ssl=1 768w, https:\/\/i0.wp.com\/autoescuelaabio.com\/wordpress\/wp-content\/uploads\/2017\/08\/13482993_612948592203214_6414822332623673059_o.png?resize=641%2C1024&amp;ssl=1 641w, https:\/\/i0.wp.com\/autoescuelaabio.com\/wordpress\/wp-content\/uploads\/2017\/08\/13482993_612948592203214_6414822332623673059_o.png?w=1281&amp;ssl=1 1281w\" sizes=\"auto, (max-width: 194px) 100vw, 194px\" \/><\/p>\n<p>Para m\u00e1s informaci\u00f3n <strong><a href=\"http:\/\/autoescuelaabio.com\/wordpress\/contacto\/\">contacta con nosotros<\/a><\/strong>.<\/p>\n","protected":false},"excerpt":{"rendered":"<p>Accede al Aula virtual de la autoescuela Podr\u00e1s practicar desde cualquier lugar, nuestro centro esta conectado contigo. Aprovecha las ventajas del aula virtual. Ademas de ofrecer a nuestros alumnos formaci\u00f3n con profesor titulado, tambi\u00e9n ofrecemos los m\u00e1s modernos recursos, un programa inform\u00e1tico para aprender de manera personalizada e intuitiva. La herramienta m\u00e1s completa y elaborada &hellip; <a href=\"https:\/\/autoescuelaabio.com\/wordpress\/aula-virtual\/\" class=\"more-link\">Seguir leyendo <span class=\"screen-reader-text\">Tambi\u00e9n  dispones de una Aula virtual que te va a encantar<\/span><\/a><\/p>\n","protected":false},"author":2,"featured_media":1964,"parent":0,"menu_order":0,"comment_status":"closed","ping_status":"closed","template":"full-width-page.php","meta":{"jetpack_post_was_ever_published":false,"footnotes":""},"tags":[11,7,24,23,27,21,22,26,20,25],"class_list":["post-57","page","type-page","status-publish","has-post-thumbnail","hentry","tag-autoescuela-abio","tag-autoescuela-jerez","tag-autoescuela-jerez-aprobados","tag-autoescuela-jerez-hipercor","tag-autoescuela-jerez-muchos-aprobados","tag-autoescuela-jerez-norte","tag-jerez-autoescuela","tag-mejor-autoescuela-de-jerez","tag-miedo-conducir","tag-precio-autoescuela-jerez"],"jetpack_sharing_enabled":true,"jetpack_shortlink":"https:\/\/wp.me\/P99ryc-V","jetpack-related-posts":[{"id":5,"url":"https:\/\/autoescuelaabio.com\/wordpress\/autoescuelaenjerez\/acerca-de\/","url_meta":{"origin":57,"position":0},"title":"Sobre la Autoescuela","author":"autoescuelaabio","date":"25\/08\/2017","format":false,"excerpt":"Este es solo un breve extracto de la p\u00e1gina\u00a0Acerca de.","rel":"","context":"En \u00abSin categor\u00eda\u00bb","block_context":{"text":"Sin categor\u00eda","link":"https:\/\/autoescuelaabio.com\/wordpress\/category\/sin-categoria\/"},"img":{"alt_text":"autoescuela abio jerez","src":"https:\/\/i0.wp.com\/autoescuelaabio.com\/wordpress\/wp-content\/uploads\/2017\/08\/384268_568638269967580_8465041147722724966_n1.jpg?fit=960%2C540&ssl=1&resize=350%2C200","width":350,"height":200,"srcset":"https:\/\/i0.wp.com\/autoescuelaabio.com\/wordpress\/wp-content\/uploads\/2017\/08\/384268_568638269967580_8465041147722724966_n1.jpg?fit=960%2C540&ssl=1&resize=350%2C200 1x, https:\/\/i0.wp.com\/autoescuelaabio.com\/wordpress\/wp-content\/uploads\/2017\/08\/384268_568638269967580_8465041147722724966_n1.jpg?fit=960%2C540&ssl=1&resize=525%2C300 1.5x, https:\/\/i0.wp.com\/autoescuelaabio.com\/wordpress\/wp-content\/uploads\/2017\/08\/384268_568638269967580_8465041147722724966_n1.jpg?fit=960%2C540&ssl=1&resize=700%2C400 2x"},"classes":[]},{"id":10,"url":"https:\/\/autoescuelaabio.com\/wordpress\/autoescuelaenjerez\/","url_meta":{"origin":57,"position":1},"title":"Autoescuela en Jerez Norte","author":"autoescuelaabio","date":"25\/08\/2017","format":false,"excerpt":"Este es el extracto de la p\u00e1gina secundaria","rel":"","context":"En \u00abamaxofobia\u00bb","block_context":{"text":"amaxofobia","link":"https:\/\/autoescuelaabio.com\/wordpress\/tag\/amaxofobia\/"},"img":{"alt_text":"","src":"https:\/\/i0.wp.com\/autoescuelaabio.com\/wordpress\/wp-content\/uploads\/2019\/11\/MG_7911-min.jpg?fit=1200%2C801&ssl=1&resize=350%2C200","width":350,"height":200,"srcset":"https:\/\/i0.wp.com\/autoescuelaabio.com\/wordpress\/wp-content\/uploads\/2019\/11\/MG_7911-min.jpg?fit=1200%2C801&ssl=1&resize=350%2C200 1x, https:\/\/i0.wp.com\/autoescuelaabio.com\/wordpress\/wp-content\/uploads\/2019\/11\/MG_7911-min.jpg?fit=1200%2C801&ssl=1&resize=525%2C300 1.5x, https:\/\/i0.wp.com\/autoescuelaabio.com\/wordpress\/wp-content\/uploads\/2019\/11\/MG_7911-min.jpg?fit=1200%2C801&ssl=1&resize=700%2C400 2x, https:\/\/i0.wp.com\/autoescuelaabio.com\/wordpress\/wp-content\/uploads\/2019\/11\/MG_7911-min.jpg?fit=1200%2C801&ssl=1&resize=1050%2C600 3x"},"classes":[]},{"id":152,"url":"https:\/\/autoescuelaabio.com\/wordpress\/bienvenida\/cursosenjerez\/pruebanos\/","url_meta":{"origin":57,"position":2},"title":"Prueba nuestra Aula Virtual","author":"autoescuelaabio","date":"28\/08\/2017","format":false,"excerpt":"Prueba gratis durante un d\u00eda nuestro sistema Haz test, recibe formaci\u00f3n con nuestras videoclases, lee el temario y todo desde tu pc, m\u00f3vil o tablet, descargando nuestra App.","rel":"","context":"En \u00abamaxofobia\u00bb","block_context":{"text":"amaxofobia","link":"https:\/\/autoescuelaabio.com\/wordpress\/tag\/amaxofobia\/"},"img":{"alt_text":"autoescuela abio jerez","src":"https:\/\/i0.wp.com\/autoescuelaabio.com\/wordpress\/wp-content\/uploads\/2017\/08\/19621280_826878514143553_5817203343495749500_o-e1503908442882.jpg?fit=1200%2C675&ssl=1&resize=350%2C200","width":350,"height":200,"srcset":"https:\/\/i0.wp.com\/autoescuelaabio.com\/wordpress\/wp-content\/uploads\/2017\/08\/19621280_826878514143553_5817203343495749500_o-e1503908442882.jpg?fit=1200%2C675&ssl=1&resize=350%2C200 1x, https:\/\/i0.wp.com\/autoescuelaabio.com\/wordpress\/wp-content\/uploads\/2017\/08\/19621280_826878514143553_5817203343495749500_o-e1503908442882.jpg?fit=1200%2C675&ssl=1&resize=525%2C300 1.5x, https:\/\/i0.wp.com\/autoescuelaabio.com\/wordpress\/wp-content\/uploads\/2017\/08\/19621280_826878514143553_5817203343495749500_o-e1503908442882.jpg?fit=1200%2C675&ssl=1&resize=700%2C400 2x, https:\/\/i0.wp.com\/autoescuelaabio.com\/wordpress\/wp-content\/uploads\/2017\/08\/19621280_826878514143553_5817203343495749500_o-e1503908442882.jpg?fit=1200%2C675&ssl=1&resize=1050%2C600 3x"},"classes":[]},{"id":8,"url":"https:\/\/autoescuelaabio.com\/wordpress\/","url_meta":{"origin":57,"position":3},"title":"Autoescuela en Jerez","author":"autoescuelaabio","date":"25\/08\/2017","format":false,"excerpt":"Presentaci\u00f3n de la Autoescuela Abio","rel":"","context":"En \u00abamaxofobia\u00bb","block_context":{"text":"amaxofobia","link":"https:\/\/autoescuelaabio.com\/wordpress\/tag\/amaxofobia\/"},"img":{"alt_text":"","src":"https:\/\/i0.wp.com\/autoescuelaabio.com\/wordpress\/wp-content\/uploads\/2019\/11\/MG_7898-min-scaled.jpg?fit=1200%2C929&ssl=1&resize=350%2C200","width":350,"height":200,"srcset":"https:\/\/i0.wp.com\/autoescuelaabio.com\/wordpress\/wp-content\/uploads\/2019\/11\/MG_7898-min-scaled.jpg?fit=1200%2C929&ssl=1&resize=350%2C200 1x, https:\/\/i0.wp.com\/autoescuelaabio.com\/wordpress\/wp-content\/uploads\/2019\/11\/MG_7898-min-scaled.jpg?fit=1200%2C929&ssl=1&resize=525%2C300 1.5x, https:\/\/i0.wp.com\/autoescuelaabio.com\/wordpress\/wp-content\/uploads\/2019\/11\/MG_7898-min-scaled.jpg?fit=1200%2C929&ssl=1&resize=700%2C400 2x, https:\/\/i0.wp.com\/autoescuelaabio.com\/wordpress\/wp-content\/uploads\/2019\/11\/MG_7898-min-scaled.jpg?fit=1200%2C929&ssl=1&resize=1050%2C600 3x"},"classes":[]},{"id":6,"url":"https:\/\/autoescuelaabio.com\/wordpress\/contacto\/","url_meta":{"origin":57,"position":4},"title":"Contacto","author":"autoescuelaabio","date":"25\/08\/2017","format":false,"excerpt":"Se trata solo de un breve extracto de la p\u00e1gina\u00a0Contacto.","rel":"","context":"En \u00abamaxofobia\u00bb","block_context":{"text":"amaxofobia","link":"https:\/\/autoescuelaabio.com\/wordpress\/tag\/amaxofobia\/"},"img":{"alt_text":"autoescuela abio jerez","src":"https:\/\/i0.wp.com\/autoescuelaabio.com\/wordpress\/wp-content\/uploads\/2017\/08\/19221487_815531755278229_2715272013308010864_o1-e1503910390617.jpg?fit=1200%2C899&ssl=1&resize=350%2C200","width":350,"height":200,"srcset":"https:\/\/i0.wp.com\/autoescuelaabio.com\/wordpress\/wp-content\/uploads\/2017\/08\/19221487_815531755278229_2715272013308010864_o1-e1503910390617.jpg?fit=1200%2C899&ssl=1&resize=350%2C200 1x, https:\/\/i0.wp.com\/autoescuelaabio.com\/wordpress\/wp-content\/uploads\/2017\/08\/19221487_815531755278229_2715272013308010864_o1-e1503910390617.jpg?fit=1200%2C899&ssl=1&resize=525%2C300 1.5x, https:\/\/i0.wp.com\/autoescuelaabio.com\/wordpress\/wp-content\/uploads\/2017\/08\/19221487_815531755278229_2715272013308010864_o1-e1503910390617.jpg?fit=1200%2C899&ssl=1&resize=700%2C400 2x, https:\/\/i0.wp.com\/autoescuelaabio.com\/wordpress\/wp-content\/uploads\/2017\/08\/19221487_815531755278229_2715272013308010864_o1-e1503910390617.jpg?fit=1200%2C899&ssl=1&resize=1050%2C600 3x"},"classes":[]},{"id":11,"url":"https:\/\/autoescuelaabio.com\/wordpress\/bienvenida\/cursosenjerez\/","url_meta":{"origin":57,"position":5},"title":"Cursos en Jerez","author":"autoescuelaabio","date":"25\/08\/2017","format":false,"excerpt":"Este es el extracto de la p\u00e1gina secundaria","rel":"","context":"En \u00abamaxofobia\u00bb","block_context":{"text":"amaxofobia","link":"https:\/\/autoescuelaabio.com\/wordpress\/tag\/amaxofobia\/"},"img":{"alt_text":"","src":"https:\/\/i0.wp.com\/autoescuelaabio.com\/wordpress\/wp-content\/uploads\/2019\/11\/MG_7918.jpg?fit=1200%2C801&ssl=1&resize=350%2C200","width":350,"height":200,"srcset":"https:\/\/i0.wp.com\/autoescuelaabio.com\/wordpress\/wp-content\/uploads\/2019\/11\/MG_7918.jpg?fit=1200%2C801&ssl=1&resize=350%2C200 1x, https:\/\/i0.wp.com\/autoescuelaabio.com\/wordpress\/wp-content\/uploads\/2019\/11\/MG_7918.jpg?fit=1200%2C801&ssl=1&resize=525%2C300 1.5x, https:\/\/i0.wp.com\/autoescuelaabio.com\/wordpress\/wp-content\/uploads\/2019\/11\/MG_7918.jpg?fit=1200%2C801&ssl=1&resize=700%2C400 2x, https:\/\/i0.wp.com\/autoescuelaabio.com\/wordpress\/wp-content\/uploads\/2019\/11\/MG_7918.jpg?fit=1200%2C801&ssl=1&resize=1050%2C600 3x"},"classes":[]}],"jetpack_likes_enabled":true,"_links":{"self":[{"href":"https:\/\/autoescuelaabio.com\/wordpress\/wp-json\/wp\/v2\/pages\/57","targetHints":{"allow":["GET"]}}],"collection":[{"href":"https:\/\/autoescuelaabio.com\/wordpress\/wp-json\/wp\/v2\/pages"}],"about":[{"href":"https:\/\/autoescuelaabio.com\/wordpress\/wp-json\/wp\/v2\/types\/page"}],"author":[{"embeddable":true,"href":"https:\/\/autoescuelaabio.com\/wordpress\/wp-json\/wp\/v2\/users\/2"}],"replies":[{"embeddable":true,"href":"https:\/\/autoescuelaabio.com\/wordpress\/wp-json\/wp\/v2\/comments?post=57"}],"version-history":[{"count":36,"href":"https:\/\/autoescuelaabio.com\/wordpress\/wp-json\/wp\/v2\/pages\/57\/revisions"}],"predecessor-version":[{"id":2833,"href":"https:\/\/autoescuelaabio.com\/wordpress\/wp-json\/wp\/v2\/pages\/57\/revisions\/2833"}],"wp:featuredmedia":[{"embeddable":true,"href":"https:\/\/autoescuelaabio.com\/wordpress\/wp-json\/wp\/v2\/media\/1964"}],"wp:attachment":[{"href":"https:\/\/autoescuelaabio.com\/wordpress\/wp-json\/wp\/v2\/media?parent=57"}],"wp:term":[{"taxonomy":"post_tag","embeddable":true,"href":"https:\/\/autoescuelaabio.com\/wordpress\/wp-json\/wp\/v2\/tags?post=57"}],"curies":[{"name":"wp","href":"https:\/\/api.w.org\/{rel}","templated":true}]}}