{"id":47,"date":"2017-08-25T12:06:47","date_gmt":"2017-08-25T12:06:47","guid":{"rendered":"https:\/\/autoescuelaabio.wordpress.com\/?page_id=47"},"modified":"2019-11-17T22:09:35","modified_gmt":"2019-11-17T22:09:35","slug":"precios","status":"publish","type":"page","link":"https:\/\/autoescuelaabio.com\/wordpress\/bienvenida\/cursosenjerez\/cursos-en-jerez-de-la-frontera\/precios\/","title":{"rendered":"\u00a0Las mejores ofertas"},"content":{"rendered":"<h3>Nos esforzarlos para que disfrutes de las mejores ofertas!<\/h3>\n<h4>Nuestros precios son justos, te ofrecemos la mejor relaci\u00f3n calidad precio, adem\u00e1s los&nbsp;presupuestos siempre incluyen Iva, dando una informaci\u00f3n trasparente.<\/h4>\n<h4>Ofrecemos facilidades de pago, si lo prefieres puedes fracionarlos.<\/h4>\n<h4>Ponte en contacto con nosotros, estaremos encantados de informarte.<\/h4>\n<h4>Autoescuela Abio &#8211; 856 04 56 87 &#8211; Jerez<\/h4>\n<p><img data-recalc-dims=\"1\" loading=\"lazy\" decoding=\"async\" data-attachment-id=\"50\" data-permalink=\"https:\/\/autoescuelaabio.com\/wordpress\/bienvenida\/cursosenjerez\/cursos-en-jerez-de-la-frontera\/precios\/eb322eabeac8e93e5bc8ecf6686b4a9a_412x847\/\" data-orig-file=\"https:\/\/i0.wp.com\/autoescuelaabio.com\/wordpress\/wp-content\/uploads\/2017\/08\/eb322eabeac8e93e5bc8ecf6686b4a9a_412x847.png?fit=412%2C847&amp;ssl=1\" data-orig-size=\"412,847\" data-comments-opened=\"1\" data-image-meta=\"{&quot;aperture&quot;:&quot;0&quot;,&quot;credit&quot;:&quot;&quot;,&quot;camera&quot;:&quot;&quot;,&quot;caption&quot;:&quot;&quot;,&quot;created_timestamp&quot;:&quot;0&quot;,&quot;copyright&quot;:&quot;&quot;,&quot;focal_length&quot;:&quot;0&quot;,&quot;iso&quot;:&quot;0&quot;,&quot;shutter_speed&quot;:&quot;0&quot;,&quot;title&quot;:&quot;&quot;,&quot;orientation&quot;:&quot;0&quot;}\" data-image-title=\"eb322eabeac8e93e5bc8ecf6686b4a9a_412x847\" data-image-description=\"\" data-image-caption=\"\" data-medium-file=\"https:\/\/i0.wp.com\/autoescuelaabio.com\/wordpress\/wp-content\/uploads\/2017\/08\/eb322eabeac8e93e5bc8ecf6686b4a9a_412x847.png?fit=146%2C300&amp;ssl=1\" data-large-file=\"https:\/\/i0.wp.com\/autoescuelaabio.com\/wordpress\/wp-content\/uploads\/2017\/08\/eb322eabeac8e93e5bc8ecf6686b4a9a_412x847.png?fit=412%2C847&amp;ssl=1\" class=\"alignnone wp-image-50 size-full\" src=\"https:\/\/i0.wp.com\/autoescuelaabio.com\/wordpress\/wp-content\/uploads\/2017\/08\/eb322eabeac8e93e5bc8ecf6686b4a9a_412x847.png?resize=412%2C847\" alt=\"precios, ofertas\" width=\"412\" height=\"847\" srcset=\"https:\/\/i0.wp.com\/autoescuelaabio.com\/wordpress\/wp-content\/uploads\/2017\/08\/eb322eabeac8e93e5bc8ecf6686b4a9a_412x847.png?w=412&amp;ssl=1 412w, https:\/\/i0.wp.com\/autoescuelaabio.com\/wordpress\/wp-content\/uploads\/2017\/08\/eb322eabeac8e93e5bc8ecf6686b4a9a_412x847.png?resize=146%2C300&amp;ssl=1 146w\" sizes=\"auto, (max-width: 412px) 100vw, 412px\" \/><\/p>\n","protected":false},"excerpt":{"rendered":"<p>Nos esforzarlos para que disfrutes de las mejores ofertas! Nuestros precios son justos, te ofrecemos la mejor relaci\u00f3n calidad precio, adem\u00e1s los&nbsp;presupuestos siempre incluyen Iva, dando una informaci\u00f3n trasparente. Ofrecemos facilidades de pago, si lo prefieres puedes fracionarlos. Ponte en contacto con nosotros, estaremos encantados de informarte. Autoescuela Abio &#8211; 856 04 56 87 &#8211; &hellip; <a href=\"https:\/\/autoescuelaabio.com\/wordpress\/bienvenida\/cursosenjerez\/cursos-en-jerez-de-la-frontera\/precios\/\" class=\"more-link\">Seguir leyendo <span class=\"screen-reader-text\">\u00a0Las mejores ofertas<\/span><\/a><\/p>\n","protected":false},"author":2,"featured_media":0,"parent":41,"menu_order":0,"comment_status":"closed","ping_status":"closed","template":"panel-page.php","meta":{"jetpack_post_was_ever_published":false,"footnotes":""},"tags":[10,6,11,7],"class_list":["post-47","page","type-page","status-publish","hentry","tag-amaxofobia","tag-aula-virtual","tag-autoescuela-abio","tag-autoescuela-jerez"],"jetpack_sharing_enabled":true,"jetpack_shortlink":"https:\/\/wp.me\/P99ryc-L","jetpack-related-posts":[{"id":10,"url":"https:\/\/autoescuelaabio.com\/wordpress\/autoescuelaenjerez\/","url_meta":{"origin":47,"position":0},"title":"Autoescuela en Jerez Norte","author":"autoescuelaabio","date":"25\/08\/2017","format":false,"excerpt":"Este es el extracto de la p\u00e1gina secundaria","rel":"","context":"En \u00abamaxofobia\u00bb","block_context":{"text":"amaxofobia","link":"https:\/\/autoescuelaabio.com\/wordpress\/tag\/amaxofobia\/"},"img":{"alt_text":"","src":"https:\/\/i0.wp.com\/autoescuelaabio.com\/wordpress\/wp-content\/uploads\/2019\/11\/MG_7911-min.jpg?fit=1200%2C801&ssl=1&resize=350%2C200","width":350,"height":200,"srcset":"https:\/\/i0.wp.com\/autoescuelaabio.com\/wordpress\/wp-content\/uploads\/2019\/11\/MG_7911-min.jpg?fit=1200%2C801&ssl=1&resize=350%2C200 1x, https:\/\/i0.wp.com\/autoescuelaabio.com\/wordpress\/wp-content\/uploads\/2019\/11\/MG_7911-min.jpg?fit=1200%2C801&ssl=1&resize=525%2C300 1.5x, https:\/\/i0.wp.com\/autoescuelaabio.com\/wordpress\/wp-content\/uploads\/2019\/11\/MG_7911-min.jpg?fit=1200%2C801&ssl=1&resize=700%2C400 2x, https:\/\/i0.wp.com\/autoescuelaabio.com\/wordpress\/wp-content\/uploads\/2019\/11\/MG_7911-min.jpg?fit=1200%2C801&ssl=1&resize=1050%2C600 3x"},"classes":[]},{"id":5,"url":"https:\/\/autoescuelaabio.com\/wordpress\/autoescuelaenjerez\/acerca-de\/","url_meta":{"origin":47,"position":1},"title":"Sobre la Autoescuela","author":"autoescuelaabio","date":"25\/08\/2017","format":false,"excerpt":"Este es solo un breve extracto de la p\u00e1gina\u00a0Acerca de.","rel":"","context":"En \u00abSin categor\u00eda\u00bb","block_context":{"text":"Sin categor\u00eda","link":"https:\/\/autoescuelaabio.com\/wordpress\/category\/sin-categoria\/"},"img":{"alt_text":"autoescuela abio jerez","src":"https:\/\/i0.wp.com\/autoescuelaabio.com\/wordpress\/wp-content\/uploads\/2017\/08\/384268_568638269967580_8465041147722724966_n1.jpg?fit=960%2C540&ssl=1&resize=350%2C200","width":350,"height":200,"srcset":"https:\/\/i0.wp.com\/autoescuelaabio.com\/wordpress\/wp-content\/uploads\/2017\/08\/384268_568638269967580_8465041147722724966_n1.jpg?fit=960%2C540&ssl=1&resize=350%2C200 1x, https:\/\/i0.wp.com\/autoescuelaabio.com\/wordpress\/wp-content\/uploads\/2017\/08\/384268_568638269967580_8465041147722724966_n1.jpg?fit=960%2C540&ssl=1&resize=525%2C300 1.5x, https:\/\/i0.wp.com\/autoescuelaabio.com\/wordpress\/wp-content\/uploads\/2017\/08\/384268_568638269967580_8465041147722724966_n1.jpg?fit=960%2C540&ssl=1&resize=700%2C400 2x"},"classes":[]},{"id":8,"url":"https:\/\/autoescuelaabio.com\/wordpress\/","url_meta":{"origin":47,"position":2},"title":"Autoescuela en Jerez","author":"autoescuelaabio","date":"25\/08\/2017","format":false,"excerpt":"Presentaci\u00f3n de la Autoescuela Abio","rel":"","context":"En \u00abamaxofobia\u00bb","block_context":{"text":"amaxofobia","link":"https:\/\/autoescuelaabio.com\/wordpress\/tag\/amaxofobia\/"},"img":{"alt_text":"","src":"https:\/\/i0.wp.com\/autoescuelaabio.com\/wordpress\/wp-content\/uploads\/2019\/11\/MG_7898-min-scaled.jpg?fit=1200%2C929&ssl=1&resize=350%2C200","width":350,"height":200,"srcset":"https:\/\/i0.wp.com\/autoescuelaabio.com\/wordpress\/wp-content\/uploads\/2019\/11\/MG_7898-min-scaled.jpg?fit=1200%2C929&ssl=1&resize=350%2C200 1x, https:\/\/i0.wp.com\/autoescuelaabio.com\/wordpress\/wp-content\/uploads\/2019\/11\/MG_7898-min-scaled.jpg?fit=1200%2C929&ssl=1&resize=525%2C300 1.5x, https:\/\/i0.wp.com\/autoescuelaabio.com\/wordpress\/wp-content\/uploads\/2019\/11\/MG_7898-min-scaled.jpg?fit=1200%2C929&ssl=1&resize=700%2C400 2x, https:\/\/i0.wp.com\/autoescuelaabio.com\/wordpress\/wp-content\/uploads\/2019\/11\/MG_7898-min-scaled.jpg?fit=1200%2C929&ssl=1&resize=1050%2C600 3x"},"classes":[]},{"id":11,"url":"https:\/\/autoescuelaabio.com\/wordpress\/bienvenida\/cursosenjerez\/","url_meta":{"origin":47,"position":3},"title":"Cursos en Jerez","author":"autoescuelaabio","date":"25\/08\/2017","format":false,"excerpt":"Este es el extracto de la p\u00e1gina secundaria","rel":"","context":"En \u00abamaxofobia\u00bb","block_context":{"text":"amaxofobia","link":"https:\/\/autoescuelaabio.com\/wordpress\/tag\/amaxofobia\/"},"img":{"alt_text":"","src":"https:\/\/i0.wp.com\/autoescuelaabio.com\/wordpress\/wp-content\/uploads\/2019\/11\/MG_7918.jpg?fit=1200%2C801&ssl=1&resize=350%2C200","width":350,"height":200,"srcset":"https:\/\/i0.wp.com\/autoescuelaabio.com\/wordpress\/wp-content\/uploads\/2019\/11\/MG_7918.jpg?fit=1200%2C801&ssl=1&resize=350%2C200 1x, https:\/\/i0.wp.com\/autoescuelaabio.com\/wordpress\/wp-content\/uploads\/2019\/11\/MG_7918.jpg?fit=1200%2C801&ssl=1&resize=525%2C300 1.5x, https:\/\/i0.wp.com\/autoescuelaabio.com\/wordpress\/wp-content\/uploads\/2019\/11\/MG_7918.jpg?fit=1200%2C801&ssl=1&resize=700%2C400 2x, https:\/\/i0.wp.com\/autoescuelaabio.com\/wordpress\/wp-content\/uploads\/2019\/11\/MG_7918.jpg?fit=1200%2C801&ssl=1&resize=1050%2C600 3x"},"classes":[]},{"id":57,"url":"https:\/\/autoescuelaabio.com\/wordpress\/aula-virtual\/","url_meta":{"origin":47,"position":4},"title":"Tambi\u00e9n  dispones de una Aula virtual que te va a encantar","author":"autoescuelaabio","date":"25\/08\/2017","format":false,"excerpt":"Accede al Aula virtual de la autoescuela Podr\u00e1s practicar desde cualquier lugar, nuestro centro esta conectado contigo.Aprovecha las ventajas del aula virtual. Ademas de ofrecer a nuestros alumnos formaci\u00f3n con profesor titulado, tambi\u00e9n ofrecemos los m\u00e1s modernos recursos, un programa inform\u00e1tico para aprender de manera personalizada e intuitiva. La herramienta\u2026","rel":"","context":"En \u00abautoescuela abio\u00bb","block_context":{"text":"autoescuela abio","link":"https:\/\/autoescuelaabio.com\/wordpress\/tag\/autoescuela-abio\/"},"img":{"alt_text":"","src":"https:\/\/i0.wp.com\/autoescuelaabio.com\/wordpress\/wp-content\/uploads\/2019\/11\/MG_7918.jpg?fit=1200%2C801&ssl=1&resize=350%2C200","width":350,"height":200,"srcset":"https:\/\/i0.wp.com\/autoescuelaabio.com\/wordpress\/wp-content\/uploads\/2019\/11\/MG_7918.jpg?fit=1200%2C801&ssl=1&resize=350%2C200 1x, https:\/\/i0.wp.com\/autoescuelaabio.com\/wordpress\/wp-content\/uploads\/2019\/11\/MG_7918.jpg?fit=1200%2C801&ssl=1&resize=525%2C300 1.5x, https:\/\/i0.wp.com\/autoescuelaabio.com\/wordpress\/wp-content\/uploads\/2019\/11\/MG_7918.jpg?fit=1200%2C801&ssl=1&resize=700%2C400 2x, https:\/\/i0.wp.com\/autoescuelaabio.com\/wordpress\/wp-content\/uploads\/2019\/11\/MG_7918.jpg?fit=1200%2C801&ssl=1&resize=1050%2C600 3x"},"classes":[]},{"id":6,"url":"https:\/\/autoescuelaabio.com\/wordpress\/contacto\/","url_meta":{"origin":47,"position":5},"title":"Contacto","author":"autoescuelaabio","date":"25\/08\/2017","format":false,"excerpt":"Se trata solo de un breve extracto de la p\u00e1gina\u00a0Contacto.","rel":"","context":"En \u00abamaxofobia\u00bb","block_context":{"text":"amaxofobia","link":"https:\/\/autoescuelaabio.com\/wordpress\/tag\/amaxofobia\/"},"img":{"alt_text":"autoescuela abio jerez","src":"https:\/\/i0.wp.com\/autoescuelaabio.com\/wordpress\/wp-content\/uploads\/2017\/08\/19221487_815531755278229_2715272013308010864_o1-e1503910390617.jpg?fit=1200%2C899&ssl=1&resize=350%2C200","width":350,"height":200,"srcset":"https:\/\/i0.wp.com\/autoescuelaabio.com\/wordpress\/wp-content\/uploads\/2017\/08\/19221487_815531755278229_2715272013308010864_o1-e1503910390617.jpg?fit=1200%2C899&ssl=1&resize=350%2C200 1x, https:\/\/i0.wp.com\/autoescuelaabio.com\/wordpress\/wp-content\/uploads\/2017\/08\/19221487_815531755278229_2715272013308010864_o1-e1503910390617.jpg?fit=1200%2C899&ssl=1&resize=525%2C300 1.5x, https:\/\/i0.wp.com\/autoescuelaabio.com\/wordpress\/wp-content\/uploads\/2017\/08\/19221487_815531755278229_2715272013308010864_o1-e1503910390617.jpg?fit=1200%2C899&ssl=1&resize=700%2C400 2x, https:\/\/i0.wp.com\/autoescuelaabio.com\/wordpress\/wp-content\/uploads\/2017\/08\/19221487_815531755278229_2715272013308010864_o1-e1503910390617.jpg?fit=1200%2C899&ssl=1&resize=1050%2C600 3x"},"classes":[]}],"jetpack_likes_enabled":true,"_links":{"self":[{"href":"https:\/\/autoescuelaabio.com\/wordpress\/wp-json\/wp\/v2\/pages\/47","targetHints":{"allow":["GET"]}}],"collection":[{"href":"https:\/\/autoescuelaabio.com\/wordpress\/wp-json\/wp\/v2\/pages"}],"about":[{"href":"https:\/\/autoescuelaabio.com\/wordpress\/wp-json\/wp\/v2\/types\/page"}],"author":[{"embeddable":true,"href":"https:\/\/autoescuelaabio.com\/wordpress\/wp-json\/wp\/v2\/users\/2"}],"replies":[{"embeddable":true,"href":"https:\/\/autoescuelaabio.com\/wordpress\/wp-json\/wp\/v2\/comments?post=47"}],"version-history":[{"count":6,"href":"https:\/\/autoescuelaabio.com\/wordpress\/wp-json\/wp\/v2\/pages\/47\/revisions"}],"predecessor-version":[{"id":1972,"href":"https:\/\/autoescuelaabio.com\/wordpress\/wp-json\/wp\/v2\/pages\/47\/revisions\/1972"}],"up":[{"embeddable":true,"href":"https:\/\/autoescuelaabio.com\/wordpress\/wp-json\/wp\/v2\/pages\/41"}],"wp:attachment":[{"href":"https:\/\/autoescuelaabio.com\/wordpress\/wp-json\/wp\/v2\/media?parent=47"}],"wp:term":[{"taxonomy":"post_tag","embeddable":true,"href":"https:\/\/autoescuelaabio.com\/wordpress\/wp-json\/wp\/v2\/tags?post=47"}],"curies":[{"name":"wp","href":"https:\/\/api.w.org\/{rel}","templated":true}]}}