{"id":192,"date":"2017-08-28T11:17:59","date_gmt":"2017-08-28T11:17:59","guid":{"rendered":"https:\/\/autoescuelaabio.wordpress.com\/?page_id=192"},"modified":"2019-11-20T23:35:36","modified_gmt":"2019-11-20T23:35:36","slug":"ventajas","status":"publish","type":"page","link":"https:\/\/autoescuelaabio.com\/wordpress\/ventajas\/","title":{"rendered":"M\u00faltiples Ventajas"},"content":{"rendered":"<h1><\/h1>\n<h1>Ventajas de formarte en la Autoescuela Abio<\/h1>\n<h3><strong><\/strong><\/h3>\n<h3><strong>ATENCI\u00d3N PERMANENTE<\/strong><\/h3>\n<h4>Recibir\u00e1s atenci\u00f3n amable, profesional, personalizada y permanente.<\/h4>\n<h4>Somos especialistas en tratar la amaxofobia (miedo a conducir)<\/h4>\n<h4>Clases te\u00f3ricas y practicas con profesor titulado. <img data-recalc-dims=\"1\" loading=\"lazy\" decoding=\"async\" data-attachment-id=\"130\" data-permalink=\"https:\/\/autoescuelaabio.com\/wordpress\/tutoria-virtual-1-ts1458316481\/\" data-orig-file=\"https:\/\/i0.wp.com\/autoescuelaabio.com\/wordpress\/wp-content\/uploads\/2017\/08\/tutoria-virtual-1-ts1458316481.jpg?fit=300%2C288&amp;ssl=1\" data-orig-size=\"300,288\" data-comments-opened=\"1\" data-image-meta=\"{&quot;aperture&quot;:&quot;0&quot;,&quot;credit&quot;:&quot;&quot;,&quot;camera&quot;:&quot;&quot;,&quot;caption&quot;:&quot;&quot;,&quot;created_timestamp&quot;:&quot;0&quot;,&quot;copyright&quot;:&quot;&quot;,&quot;focal_length&quot;:&quot;0&quot;,&quot;iso&quot;:&quot;0&quot;,&quot;shutter_speed&quot;:&quot;0&quot;,&quot;title&quot;:&quot;&quot;,&quot;orientation&quot;:&quot;0&quot;}\" data-image-title=\"tutoria-virtual-1-ts1458316481\" data-image-description=\"\" data-image-caption=\"\" data-large-file=\"https:\/\/i0.wp.com\/autoescuelaabio.com\/wordpress\/wp-content\/uploads\/2017\/08\/tutoria-virtual-1-ts1458316481.jpg?fit=300%2C288&amp;ssl=1\" src=\"https:\/\/i0.wp.com\/autoescuelaabio.com\/wordpress\/wp-content\/uploads\/2017\/08\/tutoria-virtual-1-ts1458316481.jpg?resize=164%2C158\" class=\"alignright wp-image-130\" alt=\"tutoria-virtual-1-ts1458316481\" width=\"164\" height=\"158\">Si no tienes tiempo para acudir al aula, te ofrecemos nuestro sistema de aprendizaje <a href=\"http:\/\/autoescuelaabio.com\/wordpress\/bienvenida\/cursosenjerez\/pruebanos\/\">on-line<\/a> con v\u00eddeo clases, test por tema, test de errores, test de examen, tutor\u00edas a trav\u00e9s de Skype y seguimiento total del proceso formativo, tambi\u00e9n puedes consultar tus dudas por whatsapp,&nbsp;Facebook o acudiendo a la autoescuela, tu eliges como formarte.<\/h4>\n<h3><strong>INSTALACIONES ACTUALIZADAS<\/strong><\/h3>\n<h4><img data-recalc-dims=\"1\" loading=\"lazy\" decoding=\"async\" data-attachment-id=\"211\" data-permalink=\"https:\/\/autoescuelaabio.com\/wordpress\/ventajas\/17239850_755155147982557_5652348687618503813_o\/\" data-orig-file=\"https:\/\/i0.wp.com\/autoescuelaabio.com\/wordpress\/wp-content\/uploads\/2017\/08\/17239850_755155147982557_5652348687618503813_o-e1503918862929.jpg?fit=1347%2C1540&amp;ssl=1\" data-orig-size=\"1347,1540\" data-comments-opened=\"1\" data-image-meta=\"{&quot;aperture&quot;:&quot;0&quot;,&quot;credit&quot;:&quot;&quot;,&quot;camera&quot;:&quot;&quot;,&quot;caption&quot;:&quot;&quot;,&quot;created_timestamp&quot;:&quot;0&quot;,&quot;copyright&quot;:&quot;&quot;,&quot;focal_length&quot;:&quot;0&quot;,&quot;iso&quot;:&quot;0&quot;,&quot;shutter_speed&quot;:&quot;0&quot;,&quot;title&quot;:&quot;&quot;,&quot;orientation&quot;:&quot;0&quot;}\" data-image-title=\"17239850_755155147982557_5652348687618503813_o\" data-image-description=\"\" data-image-caption=\"\" data-large-file=\"https:\/\/i0.wp.com\/autoescuelaabio.com\/wordpress\/wp-content\/uploads\/2017\/08\/17239850_755155147982557_5652348687618503813_o-e1503918862929.jpg?fit=896%2C1024&amp;ssl=1\" src=\"https:\/\/i0.wp.com\/autoescuelaabio.com\/wordpress\/wp-content\/uploads\/2017\/08\/17239850_755155147982557_5652348687618503813_o-e1503918862929.jpg?resize=152%2C174\" class=\"alignleft wp-image-211\" alt=\"17239850_755155147982557_5652348687618503813_o.jpg\" width=\"152\" height=\"174\" srcset=\"https:\/\/i0.wp.com\/autoescuelaabio.com\/wordpress\/wp-content\/uploads\/2017\/08\/17239850_755155147982557_5652348687618503813_o-e1503918862929.jpg?w=1347&amp;ssl=1 1347w, https:\/\/i0.wp.com\/autoescuelaabio.com\/wordpress\/wp-content\/uploads\/2017\/08\/17239850_755155147982557_5652348687618503813_o-e1503918862929.jpg?resize=262%2C300&amp;ssl=1 262w, https:\/\/i0.wp.com\/autoescuelaabio.com\/wordpress\/wp-content\/uploads\/2017\/08\/17239850_755155147982557_5652348687618503813_o-e1503918862929.jpg?resize=768%2C878&amp;ssl=1 768w, https:\/\/i0.wp.com\/autoescuelaabio.com\/wordpress\/wp-content\/uploads\/2017\/08\/17239850_755155147982557_5652348687618503813_o-e1503918862929.jpg?resize=896%2C1024&amp;ssl=1 896w\" sizes=\"auto, (max-width: 152px) 100vw, 152px\" \/>Nuestra aula est\u00e1 equipada con las \u00faltimas tecnolog\u00edas as\u00ed podr\u00e1s formarte de forma \u00e1gil, entretenida y confortable.<\/h4>\n<h4>Contamos con el mejor programa formativo multimedia, pizarra interactiva, proyector HD, 3D, m\u00faltiples ordenadores para que siempre que vengas tengas el tuyo libre, centro totalmente climatizado y adaptado para personas con movilidad reducida.<\/h4>\n<h3><strong>VEH\u00cdCULOS NUEVOS<\/strong><\/h3>\n<h4>Nuestros veh\u00edculos est\u00e1n equipados con los \u00faltimos<img data-recalc-dims=\"1\" loading=\"lazy\" decoding=\"async\" data-attachment-id=\"123\" data-permalink=\"https:\/\/autoescuelaabio.com\/wordpress\/coche-ts1458562282\/\" data-orig-file=\"https:\/\/i0.wp.com\/autoescuelaabio.com\/wordpress\/wp-content\/uploads\/2017\/08\/coche-ts1458562282.jpg?fit=595%2C822&amp;ssl=1\" data-orig-size=\"595,822\" data-comments-opened=\"1\" data-image-meta=\"{&quot;aperture&quot;:&quot;0&quot;,&quot;credit&quot;:&quot;&quot;,&quot;camera&quot;:&quot;&quot;,&quot;caption&quot;:&quot;&quot;,&quot;created_timestamp&quot;:&quot;0&quot;,&quot;copyright&quot;:&quot;&quot;,&quot;focal_length&quot;:&quot;0&quot;,&quot;iso&quot;:&quot;0&quot;,&quot;shutter_speed&quot;:&quot;0&quot;,&quot;title&quot;:&quot;&quot;,&quot;orientation&quot;:&quot;1&quot;}\" data-image-title=\"coche-ts1458562282\" data-image-description=\"\" data-image-caption=\"\" data-large-file=\"https:\/\/i0.wp.com\/autoescuelaabio.com\/wordpress\/wp-content\/uploads\/2017\/08\/coche-ts1458562282.jpg?fit=595%2C822&amp;ssl=1\" src=\"https:\/\/i0.wp.com\/autoescuelaabio.com\/wordpress\/wp-content\/uploads\/2017\/08\/coche-ts1458562282.jpg?resize=115%2C159\" class=\"alignright wp-image-123\" alt=\"coche-ts1458562282\" width=\"115\" height=\"159\" srcset=\"https:\/\/i0.wp.com\/autoescuelaabio.com\/wordpress\/wp-content\/uploads\/2017\/08\/coche-ts1458562282.jpg?w=595&amp;ssl=1 595w, https:\/\/i0.wp.com\/autoescuelaabio.com\/wordpress\/wp-content\/uploads\/2017\/08\/coche-ts1458562282.jpg?resize=217%2C300&amp;ssl=1 217w\" sizes=\"auto, (max-width: 115px) 100vw, 115px\" \/> avances en sistemas de seguridad, adem\u00e1s son nuevos y se conducen con mayor facilidad.<\/h4>\n<h4>Hemos elegido turismos de tama\u00f1o medio para facilitar el aparcamiento y motores potentes para que el veh\u00edculo no se&nbsp;cale con facilidad, con esta elecci\u00f3n conseguimos que aprendas antes y por lo tanto ahorres tiempo y dinero.<\/h4>\n<h3><strong>\u00c1GILES Y SEGUROS<\/strong><\/h3>\n<h4><img data-recalc-dims=\"1\" loading=\"lazy\" decoding=\"async\" data-attachment-id=\"131\" data-permalink=\"https:\/\/autoescuelaabio.com\/wordpress\/veloz-ts1458565198\/\" data-orig-file=\"https:\/\/i0.wp.com\/autoescuelaabio.com\/wordpress\/wp-content\/uploads\/2017\/08\/veloz-ts1458565198.png?fit=225%2C225&amp;ssl=1\" data-orig-size=\"225,225\" data-comments-opened=\"1\" data-image-meta=\"{&quot;aperture&quot;:&quot;0&quot;,&quot;credit&quot;:&quot;&quot;,&quot;camera&quot;:&quot;&quot;,&quot;caption&quot;:&quot;&quot;,&quot;created_timestamp&quot;:&quot;0&quot;,&quot;copyright&quot;:&quot;&quot;,&quot;focal_length&quot;:&quot;0&quot;,&quot;iso&quot;:&quot;0&quot;,&quot;shutter_speed&quot;:&quot;0&quot;,&quot;title&quot;:&quot;&quot;,&quot;orientation&quot;:&quot;0&quot;}\" data-image-title=\"veloz-ts1458565198\" data-image-description=\"\" data-image-caption=\"\" data-large-file=\"https:\/\/i0.wp.com\/autoescuelaabio.com\/wordpress\/wp-content\/uploads\/2017\/08\/veloz-ts1458565198.png?fit=225%2C225&amp;ssl=1\" src=\"https:\/\/i0.wp.com\/autoescuelaabio.com\/wordpress\/wp-content\/uploads\/2017\/08\/veloz-ts1458565198.png?resize=83%2C83\" class=\"alignleft wp-image-131\" alt=\"veloz-ts1458565198\" width=\"83\" height=\"83\" srcset=\"https:\/\/i0.wp.com\/autoescuelaabio.com\/wordpress\/wp-content\/uploads\/2017\/08\/veloz-ts1458565198.png?w=225&amp;ssl=1 225w, https:\/\/i0.wp.com\/autoescuelaabio.com\/wordpress\/wp-content\/uploads\/2017\/08\/veloz-ts1458565198.png?resize=150%2C150&amp;ssl=1 150w, https:\/\/i0.wp.com\/autoescuelaabio.com\/wordpress\/wp-content\/uploads\/2017\/08\/veloz-ts1458565198.png?resize=100%2C100&amp;ssl=1 100w\" sizes=\"auto, (max-width: 83px) 100vw, 83px\" \/>Tu tiempo es muy valioso, intentaremos que tardes el menor tiempo posible, con el menor coste para ti, asegurando que comprendes y asimilas cada objetivo dentro de la formaci\u00f3n, para que afrontes el siguiente con total seguridad.<\/h4>\n<h3><strong>TRANSPARENCIA Y CONFIANZA<\/strong><\/h3>\n<h4>Total transparencia, actuamos de una forma franca y abierta creando as\u00ed un entorno de confianza.<\/h4>\n<ul>\n<li>\n<h4>Todos nuestros precios son con I.V.A. y no tendr\u00e1s costes adicionales, <img data-recalc-dims=\"1\" loading=\"lazy\" decoding=\"async\" data-attachment-id=\"129\" data-permalink=\"https:\/\/autoescuelaabio.com\/wordpress\/trasparencia-ts1458573084\/\" data-orig-file=\"https:\/\/i0.wp.com\/autoescuelaabio.com\/wordpress\/wp-content\/uploads\/2017\/08\/trasparencia-ts1458573084.png?fit=300%2C300&amp;ssl=1\" data-orig-size=\"300,300\" data-comments-opened=\"1\" data-image-meta=\"{&quot;aperture&quot;:&quot;0&quot;,&quot;credit&quot;:&quot;&quot;,&quot;camera&quot;:&quot;&quot;,&quot;caption&quot;:&quot;&quot;,&quot;created_timestamp&quot;:&quot;0&quot;,&quot;copyright&quot;:&quot;&quot;,&quot;focal_length&quot;:&quot;0&quot;,&quot;iso&quot;:&quot;0&quot;,&quot;shutter_speed&quot;:&quot;0&quot;,&quot;title&quot;:&quot;&quot;,&quot;orientation&quot;:&quot;0&quot;}\" data-image-title=\"trasparencia-ts1458573084\" data-image-description=\"\" data-image-caption=\"\" data-large-file=\"https:\/\/i0.wp.com\/autoescuelaabio.com\/wordpress\/wp-content\/uploads\/2017\/08\/trasparencia-ts1458573084.png?fit=300%2C300&amp;ssl=1\" src=\"https:\/\/i0.wp.com\/autoescuelaabio.com\/wordpress\/wp-content\/uploads\/2017\/08\/trasparencia-ts1458573084.png?resize=157%2C157\" class=\"alignright wp-image-129\" alt=\"trasparencia-ts1458573084\" width=\"157\" height=\"157\" srcset=\"https:\/\/i0.wp.com\/autoescuelaabio.com\/wordpress\/wp-content\/uploads\/2017\/08\/trasparencia-ts1458573084.png?w=300&amp;ssl=1 300w, https:\/\/i0.wp.com\/autoescuelaabio.com\/wordpress\/wp-content\/uploads\/2017\/08\/trasparencia-ts1458573084.png?resize=150%2C150&amp;ssl=1 150w, https:\/\/i0.wp.com\/autoescuelaabio.com\/wordpress\/wp-content\/uploads\/2017\/08\/trasparencia-ts1458573084.png?resize=100%2C100&amp;ssl=1 100w\" sizes=\"auto, (max-width: 157px) 100vw, 157px\" \/>(sin sorpresas).<\/h4>\n<\/li>\n<li>\n<h4>No exigimos clases m\u00ednimas, en cuanto est\u00e9s formado te examinas.<\/h4>\n<\/li>\n<li>\n<h4>Te informamos continuamente de tus objetivos, sabr\u00e1s en todo momento en que fase del aprendizaje estas.<\/h4>\n<\/li>\n<li>\n<h4>Cada clase cuenta y en ellas recibir\u00e1s formaci\u00f3n continua y atenci\u00f3n permanente.<\/h4>\n<\/li>\n<\/ul>\n<h3><strong>COMODIDAD<\/strong><\/h3>\n<p><img data-recalc-dims=\"1\" loading=\"lazy\" decoding=\"async\" data-attachment-id=\"124\" data-permalink=\"https:\/\/autoescuelaabio.com\/wordpress\/confort-ts1458577525\/\" data-orig-file=\"https:\/\/i0.wp.com\/autoescuelaabio.com\/wordpress\/wp-content\/uploads\/2017\/08\/confort-ts1458577525.jpg?fit=626%2C626&amp;ssl=1\" data-orig-size=\"626,626\" data-comments-opened=\"1\" data-image-meta=\"{&quot;aperture&quot;:&quot;0&quot;,&quot;credit&quot;:&quot;&quot;,&quot;camera&quot;:&quot;&quot;,&quot;caption&quot;:&quot;&quot;,&quot;created_timestamp&quot;:&quot;0&quot;,&quot;copyright&quot;:&quot;&quot;,&quot;focal_length&quot;:&quot;0&quot;,&quot;iso&quot;:&quot;0&quot;,&quot;shutter_speed&quot;:&quot;0&quot;,&quot;title&quot;:&quot;&quot;,&quot;orientation&quot;:&quot;0&quot;}\" data-image-title=\"confort-ts1458577525\" data-image-description=\"\" data-image-caption=\"\" data-large-file=\"https:\/\/i0.wp.com\/autoescuelaabio.com\/wordpress\/wp-content\/uploads\/2017\/08\/confort-ts1458577525.jpg?fit=626%2C626&amp;ssl=1\" src=\"https:\/\/i0.wp.com\/autoescuelaabio.com\/wordpress\/wp-content\/uploads\/2017\/08\/confort-ts1458577525.jpg?resize=99%2C99\" class=\"alignleft wp-image-124\" alt=\"confort-ts1458577525\" width=\"99\" height=\"99\" srcset=\"https:\/\/i0.wp.com\/autoescuelaabio.com\/wordpress\/wp-content\/uploads\/2017\/08\/confort-ts1458577525.jpg?w=626&amp;ssl=1 626w, https:\/\/i0.wp.com\/autoescuelaabio.com\/wordpress\/wp-content\/uploads\/2017\/08\/confort-ts1458577525.jpg?resize=150%2C150&amp;ssl=1 150w, https:\/\/i0.wp.com\/autoescuelaabio.com\/wordpress\/wp-content\/uploads\/2017\/08\/confort-ts1458577525.jpg?resize=300%2C300&amp;ssl=1 300w, https:\/\/i0.wp.com\/autoescuelaabio.com\/wordpress\/wp-content\/uploads\/2017\/08\/confort-ts1458577525.jpg?resize=100%2C100&amp;ssl=1 100w\" sizes=\"auto, (max-width: 99px) 100vw, 99px\" \/><\/p>\n<ul>\n<li>\n<h4>Puedes formarte donde t\u00fa quieras a trav\u00e9s de nuestro aula virtual.<\/h4>\n<\/li>\n<li>\n<h4>Si vives lejos te vamos a buscar para que recibas tu clase pr\u00e1ctica.<\/h4>\n<\/li>\n<li>\n<h4>Te damos la posibilidad de que fracciones los pagos.<\/h4>\n<\/li>\n<li>\n<h4>En cuanto tengas tu veh\u00edculo te buscamos un seguro econ\u00f3mico y eficiente.<\/h4>\n<\/li>\n<\/ul>\n","protected":false},"excerpt":{"rendered":"<p>Ventajas de formarte en la Autoescuela Abio ATENCI\u00d3N PERMANENTE Recibir\u00e1s atenci\u00f3n amable, profesional, personalizada y permanente. Somos especialistas en tratar la amaxofobia (miedo a conducir) Clases te\u00f3ricas y practicas con profesor titulado. Si no tienes tiempo para acudir al aula, te ofrecemos nuestro sistema de aprendizaje on-line con v\u00eddeo clases, test por tema, test de &hellip; <a href=\"https:\/\/autoescuelaabio.com\/wordpress\/ventajas\/\" class=\"more-link\">Seguir leyendo <span class=\"screen-reader-text\">M\u00faltiples Ventajas<\/span><\/a><\/p>\n","protected":false},"author":2,"featured_media":0,"parent":0,"menu_order":0,"comment_status":"closed","ping_status":"closed","template":"panel-page.php","meta":{"jetpack_post_was_ever_published":false,"footnotes":""},"tags":[10,6,11,7],"class_list":["post-192","page","type-page","status-publish","hentry","tag-amaxofobia","tag-aula-virtual","tag-autoescuela-abio","tag-autoescuela-jerez"],"jetpack_sharing_enabled":true,"jetpack_shortlink":"https:\/\/wp.me\/P99ryc-36","jetpack-related-posts":[{"id":11,"url":"https:\/\/autoescuelaabio.com\/wordpress\/bienvenida\/cursosenjerez\/","url_meta":{"origin":192,"position":0},"title":"Cursos en Jerez","author":"autoescuelaabio","date":"25\/08\/2017","format":false,"excerpt":"Este es el extracto de la p\u00e1gina secundaria","rel":"","context":"En \u00abamaxofobia\u00bb","block_context":{"text":"amaxofobia","link":"https:\/\/autoescuelaabio.com\/wordpress\/tag\/amaxofobia\/"},"img":{"alt_text":"","src":"https:\/\/i0.wp.com\/autoescuelaabio.com\/wordpress\/wp-content\/uploads\/2019\/11\/MG_7918.jpg?fit=1200%2C801&ssl=1&resize=350%2C200","width":350,"height":200,"srcset":"https:\/\/i0.wp.com\/autoescuelaabio.com\/wordpress\/wp-content\/uploads\/2019\/11\/MG_7918.jpg?fit=1200%2C801&ssl=1&resize=350%2C200 1x, https:\/\/i0.wp.com\/autoescuelaabio.com\/wordpress\/wp-content\/uploads\/2019\/11\/MG_7918.jpg?fit=1200%2C801&ssl=1&resize=525%2C300 1.5x, https:\/\/i0.wp.com\/autoescuelaabio.com\/wordpress\/wp-content\/uploads\/2019\/11\/MG_7918.jpg?fit=1200%2C801&ssl=1&resize=700%2C400 2x, https:\/\/i0.wp.com\/autoescuelaabio.com\/wordpress\/wp-content\/uploads\/2019\/11\/MG_7918.jpg?fit=1200%2C801&ssl=1&resize=1050%2C600 3x"},"classes":[]},{"id":152,"url":"https:\/\/autoescuelaabio.com\/wordpress\/bienvenida\/cursosenjerez\/pruebanos\/","url_meta":{"origin":192,"position":1},"title":"Prueba nuestra Aula Virtual","author":"autoescuelaabio","date":"28\/08\/2017","format":false,"excerpt":"Prueba gratis durante un d\u00eda nuestro sistema Haz test, recibe formaci\u00f3n con nuestras videoclases, lee el temario y todo desde tu pc, m\u00f3vil o tablet, descargando nuestra App.","rel":"","context":"En \u00abamaxofobia\u00bb","block_context":{"text":"amaxofobia","link":"https:\/\/autoescuelaabio.com\/wordpress\/tag\/amaxofobia\/"},"img":{"alt_text":"autoescuela abio jerez","src":"https:\/\/i0.wp.com\/autoescuelaabio.com\/wordpress\/wp-content\/uploads\/2017\/08\/19621280_826878514143553_5817203343495749500_o-e1503908442882.jpg?fit=1200%2C675&ssl=1&resize=350%2C200","width":350,"height":200,"srcset":"https:\/\/i0.wp.com\/autoescuelaabio.com\/wordpress\/wp-content\/uploads\/2017\/08\/19621280_826878514143553_5817203343495749500_o-e1503908442882.jpg?fit=1200%2C675&ssl=1&resize=350%2C200 1x, https:\/\/i0.wp.com\/autoescuelaabio.com\/wordpress\/wp-content\/uploads\/2017\/08\/19621280_826878514143553_5817203343495749500_o-e1503908442882.jpg?fit=1200%2C675&ssl=1&resize=525%2C300 1.5x, https:\/\/i0.wp.com\/autoescuelaabio.com\/wordpress\/wp-content\/uploads\/2017\/08\/19621280_826878514143553_5817203343495749500_o-e1503908442882.jpg?fit=1200%2C675&ssl=1&resize=700%2C400 2x, https:\/\/i0.wp.com\/autoescuelaabio.com\/wordpress\/wp-content\/uploads\/2017\/08\/19621280_826878514143553_5817203343495749500_o-e1503908442882.jpg?fit=1200%2C675&ssl=1&resize=1050%2C600 3x"},"classes":[]},{"id":88,"url":"https:\/\/autoescuelaabio.com\/wordpress\/horarios\/","url_meta":{"origin":192,"position":2},"title":"Horario","author":"autoescuelaabio","date":"25\/08\/2017","format":false,"excerpt":"Nuestro horario adaptado a ti En Autoescuela Abio nos adaptamos a tus necesidades ofreci\u00e9ndote un horario extenso para dar tus clases pr\u00e1cticas, incluso si vives lejos te vamos a buscar. HORARIO APERTURA Y CIERRE DE LA ESCUELA (En este horario podr\u00e1s hacer test en el aula y disfrutar de todos\u2026","rel":"","context":"En \u00abamaxofobia\u00bb","block_context":{"text":"amaxofobia","link":"https:\/\/autoescuelaabio.com\/wordpress\/tag\/amaxofobia\/"},"img":{"alt_text":"","src":"https:\/\/i0.wp.com\/autoescuelaabio.com\/wordpress\/wp-content\/uploads\/2019\/11\/MG_7922.jpg?fit=1200%2C801&ssl=1&resize=350%2C200","width":350,"height":200,"srcset":"https:\/\/i0.wp.com\/autoescuelaabio.com\/wordpress\/wp-content\/uploads\/2019\/11\/MG_7922.jpg?fit=1200%2C801&ssl=1&resize=350%2C200 1x, https:\/\/i0.wp.com\/autoescuelaabio.com\/wordpress\/wp-content\/uploads\/2019\/11\/MG_7922.jpg?fit=1200%2C801&ssl=1&resize=525%2C300 1.5x, https:\/\/i0.wp.com\/autoescuelaabio.com\/wordpress\/wp-content\/uploads\/2019\/11\/MG_7922.jpg?fit=1200%2C801&ssl=1&resize=700%2C400 2x, https:\/\/i0.wp.com\/autoescuelaabio.com\/wordpress\/wp-content\/uploads\/2019\/11\/MG_7922.jpg?fit=1200%2C801&ssl=1&resize=1050%2C600 3x"},"classes":[]},{"id":57,"url":"https:\/\/autoescuelaabio.com\/wordpress\/aula-virtual\/","url_meta":{"origin":192,"position":3},"title":"Tambi\u00e9n  dispones de una Aula virtual que te va a encantar","author":"autoescuelaabio","date":"25\/08\/2017","format":false,"excerpt":"Accede al Aula virtual de la autoescuela Podr\u00e1s practicar desde cualquier lugar, nuestro centro esta conectado contigo.Aprovecha las ventajas del aula virtual. Ademas de ofrecer a nuestros alumnos formaci\u00f3n con profesor titulado, tambi\u00e9n ofrecemos los m\u00e1s modernos recursos, un programa inform\u00e1tico para aprender de manera personalizada e intuitiva. La herramienta\u2026","rel":"","context":"En \u00abautoescuela abio\u00bb","block_context":{"text":"autoescuela abio","link":"https:\/\/autoescuelaabio.com\/wordpress\/tag\/autoescuela-abio\/"},"img":{"alt_text":"","src":"https:\/\/i0.wp.com\/autoescuelaabio.com\/wordpress\/wp-content\/uploads\/2019\/11\/MG_7918.jpg?fit=1200%2C801&ssl=1&resize=350%2C200","width":350,"height":200,"srcset":"https:\/\/i0.wp.com\/autoescuelaabio.com\/wordpress\/wp-content\/uploads\/2019\/11\/MG_7918.jpg?fit=1200%2C801&ssl=1&resize=350%2C200 1x, https:\/\/i0.wp.com\/autoescuelaabio.com\/wordpress\/wp-content\/uploads\/2019\/11\/MG_7918.jpg?fit=1200%2C801&ssl=1&resize=525%2C300 1.5x, https:\/\/i0.wp.com\/autoescuelaabio.com\/wordpress\/wp-content\/uploads\/2019\/11\/MG_7918.jpg?fit=1200%2C801&ssl=1&resize=700%2C400 2x, https:\/\/i0.wp.com\/autoescuelaabio.com\/wordpress\/wp-content\/uploads\/2019\/11\/MG_7918.jpg?fit=1200%2C801&ssl=1&resize=1050%2C600 3x"},"classes":[]},{"id":41,"url":"https:\/\/autoescuelaabio.com\/wordpress\/bienvenida\/cursosenjerez\/cursos-en-jerez-de-la-frontera\/","url_meta":{"origin":192,"position":4},"title":"Cursos","author":"autoescuelaabio","date":"25\/08\/2017","format":false,"excerpt":"Llama e inf\u00f3rmate sobre nuestros cursos 856 04 56 87 \u00a0 \u00a0 Cursos Intensivos te\u00f3rico del permiso B, en Jerez de la Frontera: S\u00e1bados de 10:00 a 14:00h. \u00a0 \u00a0 Clases Te\u00f3ricas todos los d\u00edas\u00a0por la ma\u00f1ana y por la tarde:\u00a0\u00a0\u00a0 \u00a0\u00a0 De lunes a viernes, Ma\u00f1anas de 10:00 a\u2026","rel":"","context":"En \u00abamaxofobia\u00bb","block_context":{"text":"amaxofobia","link":"https:\/\/autoescuelaabio.com\/wordpress\/tag\/amaxofobia\/"},"img":{"alt_text":"","src":"https:\/\/i0.wp.com\/autoescuelaabio.com\/wordpress\/wp-content\/uploads\/2019\/11\/MG_7888.jpg?fit=1200%2C800&ssl=1&resize=350%2C200","width":350,"height":200,"srcset":"https:\/\/i0.wp.com\/autoescuelaabio.com\/wordpress\/wp-content\/uploads\/2019\/11\/MG_7888.jpg?fit=1200%2C800&ssl=1&resize=350%2C200 1x, https:\/\/i0.wp.com\/autoescuelaabio.com\/wordpress\/wp-content\/uploads\/2019\/11\/MG_7888.jpg?fit=1200%2C800&ssl=1&resize=525%2C300 1.5x, https:\/\/i0.wp.com\/autoescuelaabio.com\/wordpress\/wp-content\/uploads\/2019\/11\/MG_7888.jpg?fit=1200%2C800&ssl=1&resize=700%2C400 2x, https:\/\/i0.wp.com\/autoescuelaabio.com\/wordpress\/wp-content\/uploads\/2019\/11\/MG_7888.jpg?fit=1200%2C800&ssl=1&resize=1050%2C600 3x"},"classes":[]},{"id":5,"url":"https:\/\/autoescuelaabio.com\/wordpress\/autoescuelaenjerez\/acerca-de\/","url_meta":{"origin":192,"position":5},"title":"Sobre la Autoescuela","author":"autoescuelaabio","date":"25\/08\/2017","format":false,"excerpt":"Este es solo un breve extracto de la p\u00e1gina\u00a0Acerca de.","rel":"","context":"En \u00abSin categor\u00eda\u00bb","block_context":{"text":"Sin categor\u00eda","link":"https:\/\/autoescuelaabio.com\/wordpress\/category\/sin-categoria\/"},"img":{"alt_text":"autoescuela abio jerez","src":"https:\/\/i0.wp.com\/autoescuelaabio.com\/wordpress\/wp-content\/uploads\/2017\/08\/384268_568638269967580_8465041147722724966_n1.jpg?fit=960%2C540&ssl=1&resize=350%2C200","width":350,"height":200,"srcset":"https:\/\/i0.wp.com\/autoescuelaabio.com\/wordpress\/wp-content\/uploads\/2017\/08\/384268_568638269967580_8465041147722724966_n1.jpg?fit=960%2C540&ssl=1&resize=350%2C200 1x, https:\/\/i0.wp.com\/autoescuelaabio.com\/wordpress\/wp-content\/uploads\/2017\/08\/384268_568638269967580_8465041147722724966_n1.jpg?fit=960%2C540&ssl=1&resize=525%2C300 1.5x, https:\/\/i0.wp.com\/autoescuelaabio.com\/wordpress\/wp-content\/uploads\/2017\/08\/384268_568638269967580_8465041147722724966_n1.jpg?fit=960%2C540&ssl=1&resize=700%2C400 2x"},"classes":[]}],"jetpack_likes_enabled":true,"_links":{"self":[{"href":"https:\/\/autoescuelaabio.com\/wordpress\/wp-json\/wp\/v2\/pages\/192","targetHints":{"allow":["GET"]}}],"collection":[{"href":"https:\/\/autoescuelaabio.com\/wordpress\/wp-json\/wp\/v2\/pages"}],"about":[{"href":"https:\/\/autoescuelaabio.com\/wordpress\/wp-json\/wp\/v2\/types\/page"}],"author":[{"embeddable":true,"href":"https:\/\/autoescuelaabio.com\/wordpress\/wp-json\/wp\/v2\/users\/2"}],"replies":[{"embeddable":true,"href":"https:\/\/autoescuelaabio.com\/wordpress\/wp-json\/wp\/v2\/comments?post=192"}],"version-history":[{"count":8,"href":"https:\/\/autoescuelaabio.com\/wordpress\/wp-json\/wp\/v2\/pages\/192\/revisions"}],"predecessor-version":[{"id":2077,"href":"https:\/\/autoescuelaabio.com\/wordpress\/wp-json\/wp\/v2\/pages\/192\/revisions\/2077"}],"wp:attachment":[{"href":"https:\/\/autoescuelaabio.com\/wordpress\/wp-json\/wp\/v2\/media?parent=192"}],"wp:term":[{"taxonomy":"post_tag","embeddable":true,"href":"https:\/\/autoescuelaabio.com\/wordpress\/wp-json\/wp\/v2\/tags?post=192"}],"curies":[{"name":"wp","href":"https:\/\/api.w.org\/{rel}","templated":true}]}}