{"id":152,"date":"2017-08-28T08:14:11","date_gmt":"2017-08-28T08:14:11","guid":{"rendered":"https:\/\/autoescuelaabio.wordpress.com\/?page_id=152"},"modified":"2021-12-28T18:08:54","modified_gmt":"2021-12-28T18:08:54","slug":"pruebanos","status":"publish","type":"page","link":"https:\/\/autoescuelaabio.com\/wordpress\/bienvenida\/cursosenjerez\/pruebanos\/","title":{"rendered":"Prueba nuestra Aula Virtual"},"content":{"rendered":"<h4><img data-recalc-dims=\"1\" loading=\"lazy\" decoding=\"async\" data-attachment-id=\"114\" data-permalink=\"https:\/\/autoescuelaabio.com\/wordpress\/aula-virtual\/13482993_612948592203214_6414822332623673059_o\/\" data-orig-file=\"https:\/\/i0.wp.com\/autoescuelaabio.com\/wordpress\/wp-content\/uploads\/2017\/08\/13482993_612948592203214_6414822332623673059_o.png?fit=1281%2C2048&amp;ssl=1\" data-orig-size=\"1281,2048\" data-comments-opened=\"1\" data-image-meta=\"{&quot;aperture&quot;:&quot;0&quot;,&quot;credit&quot;:&quot;&quot;,&quot;camera&quot;:&quot;&quot;,&quot;caption&quot;:&quot;&quot;,&quot;created_timestamp&quot;:&quot;0&quot;,&quot;copyright&quot;:&quot;&quot;,&quot;focal_length&quot;:&quot;0&quot;,&quot;iso&quot;:&quot;0&quot;,&quot;shutter_speed&quot;:&quot;0&quot;,&quot;title&quot;:&quot;&quot;,&quot;orientation&quot;:&quot;0&quot;}\" data-image-title=\"13482993_612948592203214_6414822332623673059_o\" data-image-description=\"\" data-image-caption=\"\" data-large-file=\"https:\/\/i0.wp.com\/autoescuelaabio.com\/wordpress\/wp-content\/uploads\/2017\/08\/13482993_612948592203214_6414822332623673059_o.png?fit=641%2C1024&amp;ssl=1\" src=\"https:\/\/i0.wp.com\/autoescuelaabio.com\/wordpress\/wp-content\/uploads\/2017\/08\/13482993_612948592203214_6414822332623673059_o.png?resize=188%2C300\" class=\"alignright size-medium wp-image-114\" width=\"188\" height=\"300\" title=\"prueba nuestra aula virtual autoescuela abio jerez\" alt=\"prueba nuestra aula virtual autoescuela abio jerez\" srcset=\"https:\/\/i0.wp.com\/autoescuelaabio.com\/wordpress\/wp-content\/uploads\/2017\/08\/13482993_612948592203214_6414822332623673059_o.png?w=1281&amp;ssl=1 1281w, https:\/\/i0.wp.com\/autoescuelaabio.com\/wordpress\/wp-content\/uploads\/2017\/08\/13482993_612948592203214_6414822332623673059_o.png?resize=188%2C300&amp;ssl=1 188w, https:\/\/i0.wp.com\/autoescuelaabio.com\/wordpress\/wp-content\/uploads\/2017\/08\/13482993_612948592203214_6414822332623673059_o.png?resize=768%2C1228&amp;ssl=1 768w, https:\/\/i0.wp.com\/autoescuelaabio.com\/wordpress\/wp-content\/uploads\/2017\/08\/13482993_612948592203214_6414822332623673059_o.png?resize=641%2C1024&amp;ssl=1 641w\" sizes=\"auto, (max-width: 188px) 100vw, 188px\" \/><\/h4>\n<h4>Prueba nuestro Aula Virtual, adem\u00e1s de las clases con profesor presenciales, tenemos la <a href=\"http:\/\/autoescuelaabio.com\/wordpress\/aula-virtual\/\">plataforma online<\/a> &#8211; Aula Virtual desde donde podr\u00e1s adaptar tu estudio y pr\u00e1cticas a tu disponibilidad.<\/h4>\n<h4>\u00a1<a href=\"http:\/\/autoescuelaabio.com\/wordpress\/aula-virtual\/\">Prueba<\/a> el aula virtual gratis durante un d\u00eda! L<strong>l\u00e1manos al 856 04 56 87<\/strong><\/h4>\n<p>Adem\u00e1s de hacer tests, recibir\u00e1s formaci\u00f3n con nuestras videoclases, lee el temario y todo desde tu pc, m\u00f3vil o&nbsp;tablet. \u00a1Prueba nuestra Aula Virtual!<\/p>\n<p>Descarga nuestra App.<\/p>\n<p>Para acceder a la prueba <strong>ll\u00e1manos al: 856 04 56 87<\/strong><\/p>\n","protected":false},"excerpt":{"rendered":"<p>Prueba gratis durante un d\u00eda nuestro sistema<\/p>\n<p>Haz test, recibe formaci\u00f3n con nuestras videoclases, lee el temario y todo desde tu pc, m\u00f3vil o tablet, descargando nuestra App.<\/p>\n","protected":false},"author":2,"featured_media":116,"parent":11,"menu_order":0,"comment_status":"closed","ping_status":"closed","template":"panel-page.php","meta":{"jetpack_post_was_ever_published":false,"footnotes":""},"tags":[10,6,11,7],"class_list":["post-152","page","type-page","status-publish","has-post-thumbnail","hentry","tag-amaxofobia","tag-aula-virtual","tag-autoescuela-abio","tag-autoescuela-jerez"],"jetpack_sharing_enabled":true,"jetpack_shortlink":"https:\/\/wp.me\/P99ryc-2s","jetpack-related-posts":[{"id":57,"url":"https:\/\/autoescuelaabio.com\/wordpress\/aula-virtual\/","url_meta":{"origin":152,"position":0},"title":"Tambi\u00e9n  dispones de una Aula virtual que te va a encantar","author":"autoescuelaabio","date":"25\/08\/2017","format":false,"excerpt":"Accede al Aula virtual de la autoescuela Podr\u00e1s practicar desde cualquier lugar, nuestro centro esta conectado contigo.Aprovecha las ventajas del aula virtual. Ademas de ofrecer a nuestros alumnos formaci\u00f3n con profesor titulado, tambi\u00e9n ofrecemos los m\u00e1s modernos recursos, un programa inform\u00e1tico para aprender de manera personalizada e intuitiva. La herramienta\u2026","rel":"","context":"En \u00abautoescuela abio\u00bb","block_context":{"text":"autoescuela abio","link":"https:\/\/autoescuelaabio.com\/wordpress\/tag\/autoescuela-abio\/"},"img":{"alt_text":"","src":"https:\/\/i0.wp.com\/autoescuelaabio.com\/wordpress\/wp-content\/uploads\/2019\/11\/MG_7918.jpg?fit=1200%2C801&ssl=1&resize=350%2C200","width":350,"height":200,"srcset":"https:\/\/i0.wp.com\/autoescuelaabio.com\/wordpress\/wp-content\/uploads\/2019\/11\/MG_7918.jpg?fit=1200%2C801&ssl=1&resize=350%2C200 1x, https:\/\/i0.wp.com\/autoescuelaabio.com\/wordpress\/wp-content\/uploads\/2019\/11\/MG_7918.jpg?fit=1200%2C801&ssl=1&resize=525%2C300 1.5x, https:\/\/i0.wp.com\/autoescuelaabio.com\/wordpress\/wp-content\/uploads\/2019\/11\/MG_7918.jpg?fit=1200%2C801&ssl=1&resize=700%2C400 2x, https:\/\/i0.wp.com\/autoescuelaabio.com\/wordpress\/wp-content\/uploads\/2019\/11\/MG_7918.jpg?fit=1200%2C801&ssl=1&resize=1050%2C600 3x"},"classes":[]},{"id":8,"url":"https:\/\/autoescuelaabio.com\/wordpress\/","url_meta":{"origin":152,"position":1},"title":"Autoescuela en Jerez","author":"autoescuelaabio","date":"25\/08\/2017","format":false,"excerpt":"Presentaci\u00f3n de la Autoescuela Abio","rel":"","context":"En \u00abamaxofobia\u00bb","block_context":{"text":"amaxofobia","link":"https:\/\/autoescuelaabio.com\/wordpress\/tag\/amaxofobia\/"},"img":{"alt_text":"","src":"https:\/\/i0.wp.com\/autoescuelaabio.com\/wordpress\/wp-content\/uploads\/2019\/11\/MG_7898-min-scaled.jpg?fit=1200%2C929&ssl=1&resize=350%2C200","width":350,"height":200,"srcset":"https:\/\/i0.wp.com\/autoescuelaabio.com\/wordpress\/wp-content\/uploads\/2019\/11\/MG_7898-min-scaled.jpg?fit=1200%2C929&ssl=1&resize=350%2C200 1x, https:\/\/i0.wp.com\/autoescuelaabio.com\/wordpress\/wp-content\/uploads\/2019\/11\/MG_7898-min-scaled.jpg?fit=1200%2C929&ssl=1&resize=525%2C300 1.5x, https:\/\/i0.wp.com\/autoescuelaabio.com\/wordpress\/wp-content\/uploads\/2019\/11\/MG_7898-min-scaled.jpg?fit=1200%2C929&ssl=1&resize=700%2C400 2x, https:\/\/i0.wp.com\/autoescuelaabio.com\/wordpress\/wp-content\/uploads\/2019\/11\/MG_7898-min-scaled.jpg?fit=1200%2C929&ssl=1&resize=1050%2C600 3x"},"classes":[]},{"id":11,"url":"https:\/\/autoescuelaabio.com\/wordpress\/bienvenida\/cursosenjerez\/","url_meta":{"origin":152,"position":2},"title":"Cursos en Jerez","author":"autoescuelaabio","date":"25\/08\/2017","format":false,"excerpt":"Este es el extracto de la p\u00e1gina secundaria","rel":"","context":"En \u00abamaxofobia\u00bb","block_context":{"text":"amaxofobia","link":"https:\/\/autoescuelaabio.com\/wordpress\/tag\/amaxofobia\/"},"img":{"alt_text":"","src":"https:\/\/i0.wp.com\/autoescuelaabio.com\/wordpress\/wp-content\/uploads\/2019\/11\/MG_7918.jpg?fit=1200%2C801&ssl=1&resize=350%2C200","width":350,"height":200,"srcset":"https:\/\/i0.wp.com\/autoescuelaabio.com\/wordpress\/wp-content\/uploads\/2019\/11\/MG_7918.jpg?fit=1200%2C801&ssl=1&resize=350%2C200 1x, https:\/\/i0.wp.com\/autoescuelaabio.com\/wordpress\/wp-content\/uploads\/2019\/11\/MG_7918.jpg?fit=1200%2C801&ssl=1&resize=525%2C300 1.5x, https:\/\/i0.wp.com\/autoescuelaabio.com\/wordpress\/wp-content\/uploads\/2019\/11\/MG_7918.jpg?fit=1200%2C801&ssl=1&resize=700%2C400 2x, https:\/\/i0.wp.com\/autoescuelaabio.com\/wordpress\/wp-content\/uploads\/2019\/11\/MG_7918.jpg?fit=1200%2C801&ssl=1&resize=1050%2C600 3x"},"classes":[]},{"id":192,"url":"https:\/\/autoescuelaabio.com\/wordpress\/ventajas\/","url_meta":{"origin":152,"position":3},"title":"M\u00faltiples Ventajas","author":"autoescuelaabio","date":"28\/08\/2017","format":false,"excerpt":"Ventajas de formarte en la Autoescuela Abio ATENCI\u00d3N PERMANENTE Recibir\u00e1s atenci\u00f3n amable, profesional, personalizada y permanente. Somos especialistas en tratar la amaxofobia (miedo a conducir) Clases te\u00f3ricas y practicas con profesor titulado. Si no tienes tiempo para acudir al aula, te ofrecemos nuestro sistema de aprendizaje on-line con v\u00eddeo clases,\u2026","rel":"","context":"En \u00abamaxofobia\u00bb","block_context":{"text":"amaxofobia","link":"https:\/\/autoescuelaabio.com\/wordpress\/tag\/amaxofobia\/"},"img":{"alt_text":"tutoria-virtual-1-ts1458316481","src":"https:\/\/i0.wp.com\/autoescuelaabio.com\/wordpress\/wp-content\/uploads\/2017\/08\/tutoria-virtual-1-ts1458316481.jpg?resize=350%2C200","width":350,"height":200},"classes":[]},{"id":6,"url":"https:\/\/autoescuelaabio.com\/wordpress\/contacto\/","url_meta":{"origin":152,"position":4},"title":"Contacto","author":"autoescuelaabio","date":"25\/08\/2017","format":false,"excerpt":"Se trata solo de un breve extracto de la p\u00e1gina\u00a0Contacto.","rel":"","context":"En \u00abamaxofobia\u00bb","block_context":{"text":"amaxofobia","link":"https:\/\/autoescuelaabio.com\/wordpress\/tag\/amaxofobia\/"},"img":{"alt_text":"autoescuela abio jerez","src":"https:\/\/i0.wp.com\/autoescuelaabio.com\/wordpress\/wp-content\/uploads\/2017\/08\/19221487_815531755278229_2715272013308010864_o1-e1503910390617.jpg?fit=1200%2C899&ssl=1&resize=350%2C200","width":350,"height":200,"srcset":"https:\/\/i0.wp.com\/autoescuelaabio.com\/wordpress\/wp-content\/uploads\/2017\/08\/19221487_815531755278229_2715272013308010864_o1-e1503910390617.jpg?fit=1200%2C899&ssl=1&resize=350%2C200 1x, https:\/\/i0.wp.com\/autoescuelaabio.com\/wordpress\/wp-content\/uploads\/2017\/08\/19221487_815531755278229_2715272013308010864_o1-e1503910390617.jpg?fit=1200%2C899&ssl=1&resize=525%2C300 1.5x, https:\/\/i0.wp.com\/autoescuelaabio.com\/wordpress\/wp-content\/uploads\/2017\/08\/19221487_815531755278229_2715272013308010864_o1-e1503910390617.jpg?fit=1200%2C899&ssl=1&resize=700%2C400 2x, https:\/\/i0.wp.com\/autoescuelaabio.com\/wordpress\/wp-content\/uploads\/2017\/08\/19221487_815531755278229_2715272013308010864_o1-e1503910390617.jpg?fit=1200%2C899&ssl=1&resize=1050%2C600 3x"},"classes":[]},{"id":47,"url":"https:\/\/autoescuelaabio.com\/wordpress\/bienvenida\/cursosenjerez\/cursos-en-jerez-de-la-frontera\/precios\/","url_meta":{"origin":152,"position":5},"title":"\u00a0Las mejores ofertas","author":"autoescuelaabio","date":"25\/08\/2017","format":false,"excerpt":"Nos esforzarlos para que disfrutes de las mejores ofertas! Nuestros precios son justos, te ofrecemos la mejor relaci\u00f3n calidad precio, adem\u00e1s los\u00a0presupuestos siempre incluyen Iva, dando una informaci\u00f3n trasparente. Ofrecemos facilidades de pago, si lo prefieres puedes fracionarlos. Ponte en contacto con nosotros, estaremos encantados de informarte. Autoescuela Abio -\u2026","rel":"","context":"En \u00abamaxofobia\u00bb","block_context":{"text":"amaxofobia","link":"https:\/\/autoescuelaabio.com\/wordpress\/tag\/amaxofobia\/"},"img":{"alt_text":"precios, ofertas","src":"https:\/\/i0.wp.com\/autoescuelaabio.com\/wordpress\/wp-content\/uploads\/2017\/08\/eb322eabeac8e93e5bc8ecf6686b4a9a_412x847.png?resize=350%2C200","width":350,"height":200},"classes":[]}],"jetpack_likes_enabled":true,"_links":{"self":[{"href":"https:\/\/autoescuelaabio.com\/wordpress\/wp-json\/wp\/v2\/pages\/152","targetHints":{"allow":["GET"]}}],"collection":[{"href":"https:\/\/autoescuelaabio.com\/wordpress\/wp-json\/wp\/v2\/pages"}],"about":[{"href":"https:\/\/autoescuelaabio.com\/wordpress\/wp-json\/wp\/v2\/types\/page"}],"author":[{"embeddable":true,"href":"https:\/\/autoescuelaabio.com\/wordpress\/wp-json\/wp\/v2\/users\/2"}],"replies":[{"embeddable":true,"href":"https:\/\/autoescuelaabio.com\/wordpress\/wp-json\/wp\/v2\/comments?post=152"}],"version-history":[{"count":13,"href":"https:\/\/autoescuelaabio.com\/wordpress\/wp-json\/wp\/v2\/pages\/152\/revisions"}],"predecessor-version":[{"id":2815,"href":"https:\/\/autoescuelaabio.com\/wordpress\/wp-json\/wp\/v2\/pages\/152\/revisions\/2815"}],"up":[{"embeddable":true,"href":"https:\/\/autoescuelaabio.com\/wordpress\/wp-json\/wp\/v2\/pages\/11"}],"wp:featuredmedia":[{"embeddable":true,"href":"https:\/\/autoescuelaabio.com\/wordpress\/wp-json\/wp\/v2\/media\/116"}],"wp:attachment":[{"href":"https:\/\/autoescuelaabio.com\/wordpress\/wp-json\/wp\/v2\/media?parent=152"}],"wp:term":[{"taxonomy":"post_tag","embeddable":true,"href":"https:\/\/autoescuelaabio.com\/wordpress\/wp-json\/wp\/v2\/tags?post=152"}],"curies":[{"name":"wp","href":"https:\/\/api.w.org\/{rel}","templated":true}]}}