{"id":11,"date":"2017-08-25T11:08:52","date_gmt":"2017-08-25T11:08:52","guid":{"rendered":"https:\/\/autoescuelaabio.wordpress.com\/?page_id=8"},"modified":"2019-11-20T22:43:36","modified_gmt":"2019-11-20T22:43:36","slug":"cursosenjerez","status":"publish","type":"page","link":"https:\/\/autoescuelaabio.com\/wordpress\/bienvenida\/cursosenjerez\/","title":{"rendered":"Cursos en Jerez"},"content":{"rendered":"<h2><strong>Nuestros cursos &#8211; Autoescuela Abio<\/strong><\/h2>\n<h3><\/h3>\n<h3><a href=\"http:\/\/autoescuelaabio.com\/wordpress\/bienvenida\/cursosenjerez\/\">Cursos Intensivos te\u00f3rico<\/a> del permiso B que te ayudaran a superar el examen y entender con facilidad el temario, impartidos por un profesor titulado, asistir a estos cursos te ayudara a superara el proceso de formaci\u00f3n con \u00e9xito ademas estar\u00e1s mejor formada\/o para afrontar la parte pr\u00e1ctica \u00a0 Test, V\u00eddeo clases, consulta nuestras <a href=\"http:\/\/autoescuelaabio.com\/wordpress\/bienvenida\/cursosenjerez\/cursos-en-jerez-de-la-frontera\/precios\/\">ofertas<\/a> y <a href=\"http:\/\/autoescuelaabio.com\/wordpress\/ventajas\/\">ventajas<\/a>.<\/h3>\n","protected":false},"excerpt":{"rendered":"<p>Este es el extracto de la p\u00e1gina secundaria<\/p>\n","protected":false},"author":2,"featured_media":1964,"parent":8,"menu_order":1,"comment_status":"closed","ping_status":"closed","template":"","meta":{"jetpack_post_was_ever_published":false,"footnotes":""},"tags":[10,6,11,7],"class_list":["post-11","page","type-page","status-publish","has-post-thumbnail","hentry","tag-amaxofobia","tag-aula-virtual","tag-autoescuela-abio","tag-autoescuela-jerez"],"jetpack_sharing_enabled":true,"jetpack_shortlink":"https:\/\/wp.me\/P99ryc-b","jetpack-related-posts":[{"id":47,"url":"https:\/\/autoescuelaabio.com\/wordpress\/bienvenida\/cursosenjerez\/cursos-en-jerez-de-la-frontera\/precios\/","url_meta":{"origin":11,"position":0},"title":"\u00a0Las mejores ofertas","author":"autoescuelaabio","date":"25\/08\/2017","format":false,"excerpt":"Nos esforzarlos para que disfrutes de las mejores ofertas! Nuestros precios son justos, te ofrecemos la mejor relaci\u00f3n calidad precio, adem\u00e1s los\u00a0presupuestos siempre incluyen Iva, dando una informaci\u00f3n trasparente. Ofrecemos facilidades de pago, si lo prefieres puedes fracionarlos. Ponte en contacto con nosotros, estaremos encantados de informarte. Autoescuela Abio -\u2026","rel":"","context":"En \u00abamaxofobia\u00bb","block_context":{"text":"amaxofobia","link":"https:\/\/autoescuelaabio.com\/wordpress\/tag\/amaxofobia\/"},"img":{"alt_text":"precios, ofertas","src":"https:\/\/i0.wp.com\/autoescuelaabio.com\/wordpress\/wp-content\/uploads\/2017\/08\/eb322eabeac8e93e5bc8ecf6686b4a9a_412x847.png?resize=350%2C200","width":350,"height":200},"classes":[]},{"id":41,"url":"https:\/\/autoescuelaabio.com\/wordpress\/bienvenida\/cursosenjerez\/cursos-en-jerez-de-la-frontera\/","url_meta":{"origin":11,"position":1},"title":"Cursos","author":"autoescuelaabio","date":"25\/08\/2017","format":false,"excerpt":"Llama e inf\u00f3rmate sobre nuestros cursos 856 04 56 87 \u00a0 \u00a0 Cursos Intensivos te\u00f3rico del permiso B, en Jerez de la Frontera: S\u00e1bados de 10:00 a 14:00h. \u00a0 \u00a0 Clases Te\u00f3ricas todos los d\u00edas\u00a0por la ma\u00f1ana y por la tarde:\u00a0\u00a0\u00a0 \u00a0\u00a0 De lunes a viernes, Ma\u00f1anas de 10:00 a\u2026","rel":"","context":"En \u00abamaxofobia\u00bb","block_context":{"text":"amaxofobia","link":"https:\/\/autoescuelaabio.com\/wordpress\/tag\/amaxofobia\/"},"img":{"alt_text":"","src":"https:\/\/i0.wp.com\/autoescuelaabio.com\/wordpress\/wp-content\/uploads\/2019\/11\/MG_7888.jpg?fit=1200%2C800&ssl=1&resize=350%2C200","width":350,"height":200,"srcset":"https:\/\/i0.wp.com\/autoescuelaabio.com\/wordpress\/wp-content\/uploads\/2019\/11\/MG_7888.jpg?fit=1200%2C800&ssl=1&resize=350%2C200 1x, https:\/\/i0.wp.com\/autoescuelaabio.com\/wordpress\/wp-content\/uploads\/2019\/11\/MG_7888.jpg?fit=1200%2C800&ssl=1&resize=525%2C300 1.5x, https:\/\/i0.wp.com\/autoescuelaabio.com\/wordpress\/wp-content\/uploads\/2019\/11\/MG_7888.jpg?fit=1200%2C800&ssl=1&resize=700%2C400 2x, https:\/\/i0.wp.com\/autoescuelaabio.com\/wordpress\/wp-content\/uploads\/2019\/11\/MG_7888.jpg?fit=1200%2C800&ssl=1&resize=1050%2C600 3x"},"classes":[]},{"id":5,"url":"https:\/\/autoescuelaabio.com\/wordpress\/autoescuelaenjerez\/acerca-de\/","url_meta":{"origin":11,"position":2},"title":"Sobre la Autoescuela","author":"autoescuelaabio","date":"25\/08\/2017","format":false,"excerpt":"Este es solo un breve extracto de la p\u00e1gina\u00a0Acerca de.","rel":"","context":"En \u00abSin categor\u00eda\u00bb","block_context":{"text":"Sin categor\u00eda","link":"https:\/\/autoescuelaabio.com\/wordpress\/category\/sin-categoria\/"},"img":{"alt_text":"autoescuela abio jerez","src":"https:\/\/i0.wp.com\/autoescuelaabio.com\/wordpress\/wp-content\/uploads\/2017\/08\/384268_568638269967580_8465041147722724966_n1.jpg?fit=960%2C540&ssl=1&resize=350%2C200","width":350,"height":200,"srcset":"https:\/\/i0.wp.com\/autoescuelaabio.com\/wordpress\/wp-content\/uploads\/2017\/08\/384268_568638269967580_8465041147722724966_n1.jpg?fit=960%2C540&ssl=1&resize=350%2C200 1x, https:\/\/i0.wp.com\/autoescuelaabio.com\/wordpress\/wp-content\/uploads\/2017\/08\/384268_568638269967580_8465041147722724966_n1.jpg?fit=960%2C540&ssl=1&resize=525%2C300 1.5x, https:\/\/i0.wp.com\/autoescuelaabio.com\/wordpress\/wp-content\/uploads\/2017\/08\/384268_568638269967580_8465041147722724966_n1.jpg?fit=960%2C540&ssl=1&resize=700%2C400 2x"},"classes":[]},{"id":10,"url":"https:\/\/autoescuelaabio.com\/wordpress\/autoescuelaenjerez\/","url_meta":{"origin":11,"position":3},"title":"Autoescuela en Jerez Norte","author":"autoescuelaabio","date":"25\/08\/2017","format":false,"excerpt":"Este es el extracto de la p\u00e1gina secundaria","rel":"","context":"En \u00abamaxofobia\u00bb","block_context":{"text":"amaxofobia","link":"https:\/\/autoescuelaabio.com\/wordpress\/tag\/amaxofobia\/"},"img":{"alt_text":"","src":"https:\/\/i0.wp.com\/autoescuelaabio.com\/wordpress\/wp-content\/uploads\/2019\/11\/MG_7911-min.jpg?fit=1200%2C801&ssl=1&resize=350%2C200","width":350,"height":200,"srcset":"https:\/\/i0.wp.com\/autoescuelaabio.com\/wordpress\/wp-content\/uploads\/2019\/11\/MG_7911-min.jpg?fit=1200%2C801&ssl=1&resize=350%2C200 1x, https:\/\/i0.wp.com\/autoescuelaabio.com\/wordpress\/wp-content\/uploads\/2019\/11\/MG_7911-min.jpg?fit=1200%2C801&ssl=1&resize=525%2C300 1.5x, https:\/\/i0.wp.com\/autoescuelaabio.com\/wordpress\/wp-content\/uploads\/2019\/11\/MG_7911-min.jpg?fit=1200%2C801&ssl=1&resize=700%2C400 2x, https:\/\/i0.wp.com\/autoescuelaabio.com\/wordpress\/wp-content\/uploads\/2019\/11\/MG_7911-min.jpg?fit=1200%2C801&ssl=1&resize=1050%2C600 3x"},"classes":[]},{"id":8,"url":"https:\/\/autoescuelaabio.com\/wordpress\/","url_meta":{"origin":11,"position":4},"title":"Autoescuela en Jerez","author":"autoescuelaabio","date":"25\/08\/2017","format":false,"excerpt":"Presentaci\u00f3n de la Autoescuela Abio","rel":"","context":"En \u00abamaxofobia\u00bb","block_context":{"text":"amaxofobia","link":"https:\/\/autoescuelaabio.com\/wordpress\/tag\/amaxofobia\/"},"img":{"alt_text":"","src":"https:\/\/i0.wp.com\/autoescuelaabio.com\/wordpress\/wp-content\/uploads\/2019\/11\/MG_7898-min-scaled.jpg?fit=1200%2C929&ssl=1&resize=350%2C200","width":350,"height":200,"srcset":"https:\/\/i0.wp.com\/autoescuelaabio.com\/wordpress\/wp-content\/uploads\/2019\/11\/MG_7898-min-scaled.jpg?fit=1200%2C929&ssl=1&resize=350%2C200 1x, https:\/\/i0.wp.com\/autoescuelaabio.com\/wordpress\/wp-content\/uploads\/2019\/11\/MG_7898-min-scaled.jpg?fit=1200%2C929&ssl=1&resize=525%2C300 1.5x, https:\/\/i0.wp.com\/autoescuelaabio.com\/wordpress\/wp-content\/uploads\/2019\/11\/MG_7898-min-scaled.jpg?fit=1200%2C929&ssl=1&resize=700%2C400 2x, https:\/\/i0.wp.com\/autoescuelaabio.com\/wordpress\/wp-content\/uploads\/2019\/11\/MG_7898-min-scaled.jpg?fit=1200%2C929&ssl=1&resize=1050%2C600 3x"},"classes":[]},{"id":152,"url":"https:\/\/autoescuelaabio.com\/wordpress\/bienvenida\/cursosenjerez\/pruebanos\/","url_meta":{"origin":11,"position":5},"title":"Prueba nuestra Aula Virtual","author":"autoescuelaabio","date":"28\/08\/2017","format":false,"excerpt":"Prueba gratis durante un d\u00eda nuestro sistema Haz test, recibe formaci\u00f3n con nuestras videoclases, lee el temario y todo desde tu pc, m\u00f3vil o tablet, descargando nuestra App.","rel":"","context":"En \u00abamaxofobia\u00bb","block_context":{"text":"amaxofobia","link":"https:\/\/autoescuelaabio.com\/wordpress\/tag\/amaxofobia\/"},"img":{"alt_text":"autoescuela abio jerez","src":"https:\/\/i0.wp.com\/autoescuelaabio.com\/wordpress\/wp-content\/uploads\/2017\/08\/19621280_826878514143553_5817203343495749500_o-e1503908442882.jpg?fit=1200%2C675&ssl=1&resize=350%2C200","width":350,"height":200,"srcset":"https:\/\/i0.wp.com\/autoescuelaabio.com\/wordpress\/wp-content\/uploads\/2017\/08\/19621280_826878514143553_5817203343495749500_o-e1503908442882.jpg?fit=1200%2C675&ssl=1&resize=350%2C200 1x, https:\/\/i0.wp.com\/autoescuelaabio.com\/wordpress\/wp-content\/uploads\/2017\/08\/19621280_826878514143553_5817203343495749500_o-e1503908442882.jpg?fit=1200%2C675&ssl=1&resize=525%2C300 1.5x, https:\/\/i0.wp.com\/autoescuelaabio.com\/wordpress\/wp-content\/uploads\/2017\/08\/19621280_826878514143553_5817203343495749500_o-e1503908442882.jpg?fit=1200%2C675&ssl=1&resize=700%2C400 2x, https:\/\/i0.wp.com\/autoescuelaabio.com\/wordpress\/wp-content\/uploads\/2017\/08\/19621280_826878514143553_5817203343495749500_o-e1503908442882.jpg?fit=1200%2C675&ssl=1&resize=1050%2C600 3x"},"classes":[]}],"jetpack_likes_enabled":true,"_links":{"self":[{"href":"https:\/\/autoescuelaabio.com\/wordpress\/wp-json\/wp\/v2\/pages\/11","targetHints":{"allow":["GET"]}}],"collection":[{"href":"https:\/\/autoescuelaabio.com\/wordpress\/wp-json\/wp\/v2\/pages"}],"about":[{"href":"https:\/\/autoescuelaabio.com\/wordpress\/wp-json\/wp\/v2\/types\/page"}],"author":[{"embeddable":true,"href":"https:\/\/autoescuelaabio.com\/wordpress\/wp-json\/wp\/v2\/users\/2"}],"replies":[{"embeddable":true,"href":"https:\/\/autoescuelaabio.com\/wordpress\/wp-json\/wp\/v2\/comments?post=11"}],"version-history":[{"count":11,"href":"https:\/\/autoescuelaabio.com\/wordpress\/wp-json\/wp\/v2\/pages\/11\/revisions"}],"predecessor-version":[{"id":2073,"href":"https:\/\/autoescuelaabio.com\/wordpress\/wp-json\/wp\/v2\/pages\/11\/revisions\/2073"}],"up":[{"embeddable":true,"href":"https:\/\/autoescuelaabio.com\/wordpress\/wp-json\/wp\/v2\/pages\/8"}],"wp:featuredmedia":[{"embeddable":true,"href":"https:\/\/autoescuelaabio.com\/wordpress\/wp-json\/wp\/v2\/media\/1964"}],"wp:attachment":[{"href":"https:\/\/autoescuelaabio.com\/wordpress\/wp-json\/wp\/v2\/media?parent=11"}],"wp:term":[{"taxonomy":"post_tag","embeddable":true,"href":"https:\/\/autoescuelaabio.com\/wordpress\/wp-json\/wp\/v2\/tags?post=11"}],"curies":[{"name":"wp","href":"https:\/\/api.w.org\/{rel}","templated":true}]}}