{"id":10,"date":"2017-08-25T11:08:53","date_gmt":"2017-08-25T11:08:53","guid":{"rendered":"https:\/\/autoescuelaabio.wordpress.com\/?page_id=7"},"modified":"2025-03-16T17:16:13","modified_gmt":"2025-03-16T17:16:13","slug":"autoescuelaenjerez","status":"publish","type":"page","link":"https:\/\/autoescuelaabio.com\/wordpress\/autoescuelaenjerez\/","title":{"rendered":"Autoescuela en Jerez Norte"},"content":{"rendered":"<h4>Qui\u00e9nes somos<\/h4>\n<p><a href=\"http:\/\/autoescuelaabio.com\/wordpress\/bienvenida\/autoescuelaenjerez\/acerca-de\/\">Autoescuela Abio&nbsp;<\/a> es una empresa familiar donde nos avala&nbsp;la experiencia&nbsp;de tres generaciones dedicadas a la&nbsp;ense\u00f1anza de la conducci\u00f3n.<\/p>\n<p>Estamos ubicado en Jerez norte donde ofrecemos <a href=\"http:\/\/autoescuelaabio.com\/wordpress\/bienvenida\/cursosenjerez\/\">nuestros servicios como autoescuela<\/a>.<a href=\"https:\/\/www.instagram.com\/p\/Bw_wvLcpAzp5j36rYlr6qIYUcT5nUaGLguHLwY0\/\">https:\/\/www.instagram.com\/p\/Bw_wvLcpAzp5j36rYlr6qIYUcT5nUaGLguHLwY0 \/<\/a><\/p>\n<p>Nos mueve una motivaci\u00f3n personal e intr\u00ednseca, nos gusta nuestro trabajo, lo hemos elegido y disfrutamos de \u00e9l todas las personas implicadas en Autoescuela Abio, siempre queremos mejorar y ofrecer el mejor servicio, intentamos dar lo mejor de nosotros.<\/p>\n<hr>\n","protected":false},"excerpt":{"rendered":"<p>Este es el extracto de la p\u00e1gina secundaria<\/p>\n","protected":false},"author":2,"featured_media":1953,"parent":0,"menu_order":0,"comment_status":"closed","ping_status":"closed","template":"panel-page.php","meta":{"jetpack_post_was_ever_published":false,"footnotes":""},"tags":[10,6,11,37,38,7,21,36,29,35],"class_list":["post-10","page","type-page","status-publish","has-post-thumbnail","hentry","tag-amaxofobia","tag-aula-virtual","tag-autoescuela-abio","tag-autoescuela-barata-jerez","tag-autoescuela-barata-jerez-norte","tag-autoescuela-jerez","tag-autoescuela-jerez-norte","tag-autoescuela-mas-aprobados-jerez","tag-autoescuela-zona-hipercor","tag-miedo-a-conducir"],"jetpack_sharing_enabled":false,"jetpack_shortlink":"https:\/\/wp.me\/P99ryc-a","jetpack-related-posts":[{"id":5,"url":"https:\/\/autoescuelaabio.com\/wordpress\/autoescuelaenjerez\/acerca-de\/","url_meta":{"origin":10,"position":0},"title":"Sobre la Autoescuela","author":"autoescuelaabio","date":"25\/08\/2017","format":false,"excerpt":"Este es solo un breve extracto de la p\u00e1gina\u00a0Acerca de.","rel":"","context":"En \u00abSin categor\u00eda\u00bb","block_context":{"text":"Sin categor\u00eda","link":"https:\/\/autoescuelaabio.com\/wordpress\/category\/sin-categoria\/"},"img":{"alt_text":"autoescuela abio jerez","src":"https:\/\/i0.wp.com\/autoescuelaabio.com\/wordpress\/wp-content\/uploads\/2017\/08\/384268_568638269967580_8465041147722724966_n1.jpg?fit=960%2C540&ssl=1&resize=350%2C200","width":350,"height":200,"srcset":"https:\/\/i0.wp.com\/autoescuelaabio.com\/wordpress\/wp-content\/uploads\/2017\/08\/384268_568638269967580_8465041147722724966_n1.jpg?fit=960%2C540&ssl=1&resize=350%2C200 1x, https:\/\/i0.wp.com\/autoescuelaabio.com\/wordpress\/wp-content\/uploads\/2017\/08\/384268_568638269967580_8465041147722724966_n1.jpg?fit=960%2C540&ssl=1&resize=525%2C300 1.5x, https:\/\/i0.wp.com\/autoescuelaabio.com\/wordpress\/wp-content\/uploads\/2017\/08\/384268_568638269967580_8465041147722724966_n1.jpg?fit=960%2C540&ssl=1&resize=700%2C400 2x"},"classes":[]},{"id":57,"url":"https:\/\/autoescuelaabio.com\/wordpress\/aula-virtual\/","url_meta":{"origin":10,"position":1},"title":"Tambi\u00e9n  dispones de una Aula virtual que te va a encantar","author":"autoescuelaabio","date":"25\/08\/2017","format":false,"excerpt":"Accede al Aula virtual de la autoescuela Podr\u00e1s practicar desde cualquier lugar, nuestro centro esta conectado contigo.Aprovecha las ventajas del aula virtual. Ademas de ofrecer a nuestros alumnos formaci\u00f3n con profesor titulado, tambi\u00e9n ofrecemos los m\u00e1s modernos recursos, un programa inform\u00e1tico para aprender de manera personalizada e intuitiva. La herramienta\u2026","rel":"","context":"En \u00abautoescuela abio\u00bb","block_context":{"text":"autoescuela abio","link":"https:\/\/autoescuelaabio.com\/wordpress\/tag\/autoescuela-abio\/"},"img":{"alt_text":"","src":"https:\/\/i0.wp.com\/autoescuelaabio.com\/wordpress\/wp-content\/uploads\/2019\/11\/MG_7918.jpg?fit=1200%2C801&ssl=1&resize=350%2C200","width":350,"height":200,"srcset":"https:\/\/i0.wp.com\/autoescuelaabio.com\/wordpress\/wp-content\/uploads\/2019\/11\/MG_7918.jpg?fit=1200%2C801&ssl=1&resize=350%2C200 1x, https:\/\/i0.wp.com\/autoescuelaabio.com\/wordpress\/wp-content\/uploads\/2019\/11\/MG_7918.jpg?fit=1200%2C801&ssl=1&resize=525%2C300 1.5x, https:\/\/i0.wp.com\/autoescuelaabio.com\/wordpress\/wp-content\/uploads\/2019\/11\/MG_7918.jpg?fit=1200%2C801&ssl=1&resize=700%2C400 2x, https:\/\/i0.wp.com\/autoescuelaabio.com\/wordpress\/wp-content\/uploads\/2019\/11\/MG_7918.jpg?fit=1200%2C801&ssl=1&resize=1050%2C600 3x"},"classes":[]},{"id":47,"url":"https:\/\/autoescuelaabio.com\/wordpress\/bienvenida\/cursosenjerez\/cursos-en-jerez-de-la-frontera\/precios\/","url_meta":{"origin":10,"position":2},"title":"\u00a0Las mejores ofertas","author":"autoescuelaabio","date":"25\/08\/2017","format":false,"excerpt":"Nos esforzarlos para que disfrutes de las mejores ofertas! Nuestros precios son justos, te ofrecemos la mejor relaci\u00f3n calidad precio, adem\u00e1s los\u00a0presupuestos siempre incluyen Iva, dando una informaci\u00f3n trasparente. Ofrecemos facilidades de pago, si lo prefieres puedes fracionarlos. Ponte en contacto con nosotros, estaremos encantados de informarte. Autoescuela Abio -\u2026","rel":"","context":"En \u00abamaxofobia\u00bb","block_context":{"text":"amaxofobia","link":"https:\/\/autoescuelaabio.com\/wordpress\/tag\/amaxofobia\/"},"img":{"alt_text":"precios, ofertas","src":"https:\/\/i0.wp.com\/autoescuelaabio.com\/wordpress\/wp-content\/uploads\/2017\/08\/eb322eabeac8e93e5bc8ecf6686b4a9a_412x847.png?resize=350%2C200","width":350,"height":200},"classes":[]},{"id":6,"url":"https:\/\/autoescuelaabio.com\/wordpress\/contacto\/","url_meta":{"origin":10,"position":3},"title":"Contacto","author":"autoescuelaabio","date":"25\/08\/2017","format":false,"excerpt":"Se trata solo de un breve extracto de la p\u00e1gina\u00a0Contacto.","rel":"","context":"En \u00abamaxofobia\u00bb","block_context":{"text":"amaxofobia","link":"https:\/\/autoescuelaabio.com\/wordpress\/tag\/amaxofobia\/"},"img":{"alt_text":"autoescuela abio jerez","src":"https:\/\/i0.wp.com\/autoescuelaabio.com\/wordpress\/wp-content\/uploads\/2017\/08\/19221487_815531755278229_2715272013308010864_o1-e1503910390617.jpg?fit=1200%2C899&ssl=1&resize=350%2C200","width":350,"height":200,"srcset":"https:\/\/i0.wp.com\/autoescuelaabio.com\/wordpress\/wp-content\/uploads\/2017\/08\/19221487_815531755278229_2715272013308010864_o1-e1503910390617.jpg?fit=1200%2C899&ssl=1&resize=350%2C200 1x, https:\/\/i0.wp.com\/autoescuelaabio.com\/wordpress\/wp-content\/uploads\/2017\/08\/19221487_815531755278229_2715272013308010864_o1-e1503910390617.jpg?fit=1200%2C899&ssl=1&resize=525%2C300 1.5x, https:\/\/i0.wp.com\/autoescuelaabio.com\/wordpress\/wp-content\/uploads\/2017\/08\/19221487_815531755278229_2715272013308010864_o1-e1503910390617.jpg?fit=1200%2C899&ssl=1&resize=700%2C400 2x, https:\/\/i0.wp.com\/autoescuelaabio.com\/wordpress\/wp-content\/uploads\/2017\/08\/19221487_815531755278229_2715272013308010864_o1-e1503910390617.jpg?fit=1200%2C899&ssl=1&resize=1050%2C600 3x"},"classes":[]},{"id":8,"url":"https:\/\/autoescuelaabio.com\/wordpress\/","url_meta":{"origin":10,"position":4},"title":"Autoescuela en Jerez","author":"autoescuelaabio","date":"25\/08\/2017","format":false,"excerpt":"Presentaci\u00f3n de la Autoescuela Abio","rel":"","context":"En \u00abamaxofobia\u00bb","block_context":{"text":"amaxofobia","link":"https:\/\/autoescuelaabio.com\/wordpress\/tag\/amaxofobia\/"},"img":{"alt_text":"","src":"https:\/\/i0.wp.com\/autoescuelaabio.com\/wordpress\/wp-content\/uploads\/2019\/11\/MG_7898-min-scaled.jpg?fit=1200%2C929&ssl=1&resize=350%2C200","width":350,"height":200,"srcset":"https:\/\/i0.wp.com\/autoescuelaabio.com\/wordpress\/wp-content\/uploads\/2019\/11\/MG_7898-min-scaled.jpg?fit=1200%2C929&ssl=1&resize=350%2C200 1x, https:\/\/i0.wp.com\/autoescuelaabio.com\/wordpress\/wp-content\/uploads\/2019\/11\/MG_7898-min-scaled.jpg?fit=1200%2C929&ssl=1&resize=525%2C300 1.5x, https:\/\/i0.wp.com\/autoescuelaabio.com\/wordpress\/wp-content\/uploads\/2019\/11\/MG_7898-min-scaled.jpg?fit=1200%2C929&ssl=1&resize=700%2C400 2x, https:\/\/i0.wp.com\/autoescuelaabio.com\/wordpress\/wp-content\/uploads\/2019\/11\/MG_7898-min-scaled.jpg?fit=1200%2C929&ssl=1&resize=1050%2C600 3x"},"classes":[]},{"id":152,"url":"https:\/\/autoescuelaabio.com\/wordpress\/bienvenida\/cursosenjerez\/pruebanos\/","url_meta":{"origin":10,"position":5},"title":"Prueba nuestra Aula Virtual","author":"autoescuelaabio","date":"28\/08\/2017","format":false,"excerpt":"Prueba gratis durante un d\u00eda nuestro sistema Haz test, recibe formaci\u00f3n con nuestras videoclases, lee el temario y todo desde tu pc, m\u00f3vil o tablet, descargando nuestra App.","rel":"","context":"En \u00abamaxofobia\u00bb","block_context":{"text":"amaxofobia","link":"https:\/\/autoescuelaabio.com\/wordpress\/tag\/amaxofobia\/"},"img":{"alt_text":"autoescuela abio jerez","src":"https:\/\/i0.wp.com\/autoescuelaabio.com\/wordpress\/wp-content\/uploads\/2017\/08\/19621280_826878514143553_5817203343495749500_o-e1503908442882.jpg?fit=1200%2C675&ssl=1&resize=350%2C200","width":350,"height":200,"srcset":"https:\/\/i0.wp.com\/autoescuelaabio.com\/wordpress\/wp-content\/uploads\/2017\/08\/19621280_826878514143553_5817203343495749500_o-e1503908442882.jpg?fit=1200%2C675&ssl=1&resize=350%2C200 1x, https:\/\/i0.wp.com\/autoescuelaabio.com\/wordpress\/wp-content\/uploads\/2017\/08\/19621280_826878514143553_5817203343495749500_o-e1503908442882.jpg?fit=1200%2C675&ssl=1&resize=525%2C300 1.5x, https:\/\/i0.wp.com\/autoescuelaabio.com\/wordpress\/wp-content\/uploads\/2017\/08\/19621280_826878514143553_5817203343495749500_o-e1503908442882.jpg?fit=1200%2C675&ssl=1&resize=700%2C400 2x, https:\/\/i0.wp.com\/autoescuelaabio.com\/wordpress\/wp-content\/uploads\/2017\/08\/19621280_826878514143553_5817203343495749500_o-e1503908442882.jpg?fit=1200%2C675&ssl=1&resize=1050%2C600 3x"},"classes":[]}],"jetpack_likes_enabled":true,"_links":{"self":[{"href":"https:\/\/autoescuelaabio.com\/wordpress\/wp-json\/wp\/v2\/pages\/10","targetHints":{"allow":["GET"]}}],"collection":[{"href":"https:\/\/autoescuelaabio.com\/wordpress\/wp-json\/wp\/v2\/pages"}],"about":[{"href":"https:\/\/autoescuelaabio.com\/wordpress\/wp-json\/wp\/v2\/types\/page"}],"author":[{"embeddable":true,"href":"https:\/\/autoescuelaabio.com\/wordpress\/wp-json\/wp\/v2\/users\/2"}],"replies":[{"embeddable":true,"href":"https:\/\/autoescuelaabio.com\/wordpress\/wp-json\/wp\/v2\/comments?post=10"}],"version-history":[{"count":14,"href":"https:\/\/autoescuelaabio.com\/wordpress\/wp-json\/wp\/v2\/pages\/10\/revisions"}],"predecessor-version":[{"id":3833,"href":"https:\/\/autoescuelaabio.com\/wordpress\/wp-json\/wp\/v2\/pages\/10\/revisions\/3833"}],"wp:featuredmedia":[{"embeddable":true,"href":"https:\/\/autoescuelaabio.com\/wordpress\/wp-json\/wp\/v2\/media\/1953"}],"wp:attachment":[{"href":"https:\/\/autoescuelaabio.com\/wordpress\/wp-json\/wp\/v2\/media?parent=10"}],"wp:term":[{"taxonomy":"post_tag","embeddable":true,"href":"https:\/\/autoescuelaabio.com\/wordpress\/wp-json\/wp\/v2\/tags?post=10"}],"curies":[{"name":"wp","href":"https:\/\/api.w.org\/{rel}","templated":true}]}}